{"id":12712,"date":"2023-08-26T13:28:07","date_gmt":"2023-08-26T13:28:07","guid":{"rendered":"https:\/\/aus.tctprojects.com\/agrupat\/"},"modified":"2026-02-16T13:12:20","modified_gmt":"2026-02-16T13:12:20","slug":"agrupat","status":"publish","type":"page","link":"https:\/\/aus.arquitectes.cat\/en\/agrupat\/","title":{"rendered":"Join us"},"content":{"rendered":"<section class=\"l-section wpb_row us_custom_057801f8 height_medium\"><div class=\"l-section-h i-cf\"><div class=\"g-cols vc_row via_grid cols_1 laptops-cols_inherit tablets-cols_inherit mobiles-cols_1 valign_middle type_default stacking_default\" style=\"grid-gap:6rem;\"><div class=\"wpb_column vc_column_container\"><div class=\"vc_column-inner\"><div class=\"wpb_text_column\"><div class=\"wpb_wrapper\"><h2 style=\"text-align: center;\">Join Us<\/h2>\n<p style=\"text-align: center;\">If you share our vision of architecture and are interested in collaborating or actively participating in our group, we invite you to join us. Anyone who resonates with our values may become part of the group, without the need to be an architect or be officially registered.<\/p>\n<\/div><\/div><div class=\"g-cols wpb_row us_custom_fcbeccca via_grid cols_2 laptops-cols_inherit tablets-cols_inherit mobiles-cols_1 valign_middle type_default stacking_default\" style=\"grid-gap:0rem;\"><div class=\"wpb_column vc_column_container\"><div class=\"vc_column-inner\"><div class=\"w-iconbox iconpos_top style_default color_primary align_center icontype_img\"><div class=\"w-iconbox-icon\" style=\"font-size:4rem;\"><img loading=\"lazy\" decoding=\"async\" width=\"142\" height=\"142\" src=\"https:\/\/aus.arquitectes.cat\/wp-content\/uploads\/2025\/08\/DESCOMPTES.png\" class=\"attachment-full size-full\" alt=\"\" \/><\/div><div class=\"w-iconbox-meta\"><h4 class=\"w-iconbox-title\">Discounts<\/h4><div class=\"w-iconbox-text\"><p>ON TRAINING, EVENT TICKETS, CONFERENCES, WORKSHOPS.<\/p>\n<\/div><\/div><\/div><\/div><\/div><div class=\"wpb_column vc_column_container\"><div class=\"vc_column-inner\"><div class=\"w-iconbox iconpos_top style_default color_primary align_center icontype_img\"><div class=\"w-iconbox-icon\" style=\"font-size:4rem;\"><img loading=\"lazy\" decoding=\"async\" width=\"142\" height=\"142\" src=\"https:\/\/aus.arquitectes.cat\/wp-content\/uploads\/2025\/08\/VISIBILITAT.png\" class=\"attachment-full size-full\" alt=\"\" \/><\/div><div class=\"w-iconbox-meta\"><h4 class=\"w-iconbox-title\">Visibility<\/h4><div class=\"w-iconbox-text\"><p>ON THE AUS WEBSITE AND ON OUR SOCIAL MEDIA.<\/p>\n<\/div><\/div><\/div><\/div><\/div><div class=\"wpb_column vc_column_container\"><div class=\"vc_column-inner\"><div class=\"w-iconbox iconpos_top style_default color_primary align_center icontype_img\"><div class=\"w-iconbox-icon\" style=\"font-size:4rem;\"><img loading=\"lazy\" decoding=\"async\" width=\"142\" height=\"142\" src=\"https:\/\/aus.arquitectes.cat\/wp-content\/uploads\/2025\/08\/CONNEXIO.png\" class=\"attachment-full size-full\" alt=\"\" \/><\/div><div class=\"w-iconbox-meta\"><h4 class=\"w-iconbox-title\">Connection<\/h4><div class=\"w-iconbox-text\"><p>JOIN A NETWORK OF COMMITTED PROFESSIONALS.<\/p>\n<\/div><\/div><\/div><\/div><\/div><div class=\"wpb_column vc_column_container\"><div class=\"vc_column-inner\"><div class=\"w-iconbox iconpos_top style_default color_primary align_center icontype_img\"><div class=\"w-iconbox-icon\" style=\"font-size:4rem;\"><img loading=\"lazy\" decoding=\"async\" width=\"142\" height=\"142\" src=\"https:\/\/aus.arquitectes.cat\/wp-content\/uploads\/2025\/08\/INFO.png\" class=\"attachment-full size-full\" alt=\"\" \/><\/div><div class=\"w-iconbox-meta\"><h4 class=\"w-iconbox-title\">Information<\/h4><div class=\"w-iconbox-text\"><p>ACCESS OUR PROFESSIONAL WHATSAPP GROUP AND REGULAR NEWSLETTER.<\/p>\n<\/div><\/div><\/div><\/div><\/div><div class=\"wpb_column vc_column_container\"><div class=\"vc_column-inner\"><div class=\"w-iconbox iconpos_top style_default color_primary align_center icontype_img\"><div class=\"w-iconbox-icon\" style=\"font-size:4rem;\"><img loading=\"lazy\" decoding=\"async\" width=\"142\" height=\"142\" src=\"https:\/\/aus.arquitectes.cat\/wp-content\/uploads\/2025\/08\/ACCES.png\" class=\"attachment-full size-full\" alt=\"\" \/><\/div><div class=\"w-iconbox-meta\"><h4 class=\"w-iconbox-title\">Priority Access<\/h4><div class=\"w-iconbox-text\"><p>FREE ENTRY AND RESERVED SEATING FOR MEMBERS AT OUR CONFERENCES.<\/p>\n<\/div><\/div><\/div><\/div><\/div><div class=\"wpb_column vc_column_container\"><div class=\"vc_column-inner\"><div class=\"w-iconbox iconpos_top style_default color_primary align_center icontype_img\"><div class=\"w-iconbox-icon\" style=\"font-size:4rem;\"><img loading=\"lazy\" decoding=\"async\" width=\"142\" height=\"142\" src=\"https:\/\/aus.arquitectes.cat\/wp-content\/uploads\/2025\/08\/PARTICIPA.png\" class=\"attachment-full size-full\" alt=\"\" \/><\/div><div class=\"w-iconbox-meta\"><h4 class=\"w-iconbox-title\">Participate<\/h4><div class=\"w-iconbox-text\"><p>TO THE ASSEMBLY AND OTHER SPACES FOR DEBATE.<\/p>\n<\/div><\/div><\/div><\/div><\/div><\/div><\/div><\/div><\/div><\/div><\/section><section class=\"l-section wpb_row us_custom_057801f8 height_medium\"><div class=\"l-section-h i-cf\"><div class=\"g-cols vc_row via_grid cols_1 laptops-cols_inherit tablets-cols_inherit mobiles-cols_1 valign_middle type_default stacking_default\" style=\"grid-gap:6rem;\"><div class=\"wpb_column vc_column_container\"><div class=\"vc_column-inner\"><div class=\"wpb_text_column\"><div class=\"wpb_wrapper\"><h2 style=\"text-align: center;\">How to Register<\/h2>\n<\/div><\/div><div class=\"g-cols wpb_row us_custom_fcbeccca via_grid cols_2 laptops-cols_inherit tablets-cols_inherit mobiles-cols_1 valign_middle type_default stacking_default\" style=\"grid-gap:0rem;\"><div class=\"wpb_column vc_column_container\"><div class=\"vc_column-inner\"><div class=\"w-btn-wrapper align_center\"><a class=\"w-btn us-btn-style_1 us_custom_72fc42ef icon_atleft\" target=\"_blank\" href=\"https:\/\/aus.arquitectes.cat\/wp-content\/uploads\/2023\/10\/2023_BUTLLETA-INSCRIPCIO_AUS_Editable.pdf\"><i class=\"fas fa-download\"><\/i><span class=\"w-btn-label\">Registration form<\/span><\/a><\/div><\/div><\/div><div class=\"wpb_column vc_column_container\"><div class=\"vc_column-inner\"><div class=\"w-btn-wrapper align_center\"><a class=\"w-btn us-btn-style_1 us_custom_72fc42ef icon_atleft\" target=\"_blank\" href=\"https:\/\/aus.arquitectes.cat\/wp-content\/uploads\/2023\/10\/SEPAARQUITECTES-SOCIETATS-_Editable.pdf\"><i class=\"fas fa-download\"><\/i><span class=\"w-btn-label\">SEPA form<\/span><\/a><\/div><\/div><\/div><\/div><div class=\"wpb_text_column us_custom_54e7f678\"><div class=\"wpb_wrapper\"><p><strong>1.<\/strong>\u00a0Download the registration form together with the SEPA form, and complete them with your personal details.<\/p>\n<p><strong>2.<\/strong> Send both documents by email to agrupacions@coac.net.<\/p>\n<p data-start=\"674\" data-end=\"826\"><em>* Within a maximum of 7 working days, you will receive an email confirming your registration. We appreciate your patience while we process your request.<\/em><\/p>\n<p><em>* Membership withdrawal can be requested at any time.<\/em><\/p>\n<h3 style=\"text-align: center;\">Thank you very much for your interest in AUS<\/h3>\n<\/div><\/div><div class=\"w-tabs style_default switch_click accordion has_scrolling\" style=\"--sections-title-size:inherit\"><div class=\"w-tabs-sections titles-align_none icon_chevron cpos_right\"><div class=\"w-tabs-section\" id=\"ba2d\" style=\"background:#d4d4d4;\"><button class=\"w-tabs-section-header\" aria-controls=\"content-ba2d\" aria-expanded=\"false\"><div class=\"w-tabs-section-title\">More information<\/div><div class=\"w-tabs-section-control\"><\/div><\/button><div  class=\"w-tabs-section-content\" id=\"content-ba2d\"><div class=\"w-tabs-section-content-h i-cf\"><div class=\"wpb_text_column\"><div class=\"wpb_wrapper\"><p data-start=\"1092\" data-end=\"1189\">Full members and associate members (a copy of the ID must be attached) <strong>under 30 years of age are exempt from the annual fee.<\/strong><br data-start=\"128\" data-end=\"131\" \/>The annual fee is <strong>\u20ac40<\/strong> for <strong>full and associate members.<\/strong><br data-start=\"188\" data-end=\"191\" \/>The annual fee is <strong>\u20ac80<\/strong> for <strong>participating members.<\/strong><\/p>\n<p data-start=\"1092\" data-end=\"1189\">The Association will be composed of full members, associate members, and participating members.<\/p>\n<p data-start=\"1191\" data-end=\"1638\"><strong data-start=\"1191\" data-end=\"1214\">Full members of AUS<\/strong> are all architects who wish to join and meet the following requirements:<br data-start=\"1287\" data-end=\"1290\" \/>a. Be registered architects with the COAC.<br data-start=\"1332\" data-end=\"1335\" \/>b. Not have been sanctioned for professional misconduct, or subject to administrative or criminal sanctions resulting in disqualification from practicing the profession, except in cases of rehabilitation or cancellation of the sanction.<br data-start=\"1571\" data-end=\"1574\" \/>c. Be up to date with their financial obligations to the COAC.<\/p>\n<p data-start=\"1640\" data-end=\"1931\"><strong data-start=\"1640\" data-end=\"1668\">Associate members of AUS<\/strong> include non-registered architects, other professionals, and students who develop their professional or academic activities in the fields of architecture or sustainability, who wish to join and are presented to the Board of Directors by two full members of AUS.<\/p>\n<p data-start=\"1933\" data-end=\"2344\"><strong data-start=\"1933\" data-end=\"1958\">Participating members<\/strong> include individuals or legal entities who, through their contributions to AUS, may be granted this status. These members are appointed by the General Assembly, upon a motivated proposal by the Board of Directors. They have the right to attend and speak at meetings, and to exercise all functions granted to them by the Board and the Assembly, except for representing the Association.<\/p>\n<\/div><\/div><\/div><\/div><\/div><\/div><\/div><\/div><\/div><\/div><\/div><\/section>\n","protected":false},"excerpt":{"rendered":"Join Us If you share our vision of architecture and are interested in collaborating or actively participating in our group, we invite you to join us. Anyone who resonates with our values may become part of the group, without the need to be an architect or be officially registered. DiscountsON TRAINING, EVENT TICKETS, CONFERENCES, WORKSHOPS....","protected":false},"author":1,"featured_media":0,"parent":0,"menu_order":0,"comment_status":"closed","ping_status":"closed","template":"","meta":{"footnotes":""},"yoast_head":"<!-- This site is optimized with the Yoast SEO plugin v22.9 - https:\/\/yoast.com\/wordpress\/plugins\/seo\/ -->\n<title>Join us a la Associaci\u00f3 d&#039;Arquit\u00e8ctes | AUS Arquitectes<\/title>\n<meta name=\"description\" content=\"Si comparteixes la nostra visi\u00f3 sobre l&#039;arquitectura i tens inter\u00e8s en col\u00b7laborar o participar en la nostra agrupaci\u00f3, t&#039;invitem a unir-te. Entra ara!\" \/>\n<meta name=\"robots\" content=\"index, follow, max-snippet:-1, max-image-preview:large, max-video-preview:-1\" \/>\n<link rel=\"canonical\" href=\"https:\/\/aus.arquitectes.cat\/en\/agrupat\/\" \/>\n<meta property=\"og:locale\" content=\"en_US\" \/>\n<meta property=\"og:type\" content=\"article\" \/>\n<meta property=\"og:title\" content=\"Join us a la Associaci\u00f3 d&#039;Arquit\u00e8ctes | AUS Arquitectes\" \/>\n<meta property=\"og:description\" content=\"Si comparteixes la nostra visi\u00f3 sobre l&#039;arquitectura i tens inter\u00e8s en col\u00b7laborar o participar en la nostra agrupaci\u00f3, t&#039;invitem a unir-te. Entra ara!\" \/>\n<meta property=\"og:url\" content=\"https:\/\/aus.arquitectes.cat\/en\/agrupat\/\" \/>\n<meta property=\"og:site_name\" content=\"AUS Arquitectes\" \/>\n<meta property=\"article:modified_time\" content=\"2026-02-16T13:12:20+00:00\" \/>\n<meta name=\"twitter:card\" content=\"summary_large_image\" \/>\n<meta name=\"twitter:label1\" content=\"Est. reading time\" \/>\n\t<meta name=\"twitter:data1\" content=\"4 minutes\" \/>\n<script type=\"application\/ld+json\" class=\"yoast-schema-graph\">{\"@context\":\"https:\/\/schema.org\",\"@graph\":[{\"@type\":\"WebPage\",\"@id\":\"https:\/\/aus.arquitectes.cat\/en\/agrupat\/\",\"url\":\"https:\/\/aus.arquitectes.cat\/en\/agrupat\/\",\"name\":\"Join us a la Associaci\u00f3 d'Arquit\u00e8ctes | AUS Arquitectes\",\"isPartOf\":{\"@id\":\"https:\/\/aus.arquitectes.cat\/#website\"},\"datePublished\":\"2023-08-26T13:28:07+00:00\",\"dateModified\":\"2026-02-16T13:12:20+00:00\",\"description\":\"Si comparteixes la nostra visi\u00f3 sobre l'arquitectura i tens inter\u00e8s en col\u00b7laborar o participar en la nostra agrupaci\u00f3, t'invitem a unir-te. Entra ara!\",\"breadcrumb\":{\"@id\":\"https:\/\/aus.arquitectes.cat\/en\/agrupat\/#breadcrumb\"},\"inLanguage\":\"en-US\",\"potentialAction\":[{\"@type\":\"ReadAction\",\"target\":[\"https:\/\/aus.arquitectes.cat\/en\/agrupat\/\"]}]},{\"@type\":\"BreadcrumbList\",\"@id\":\"https:\/\/aus.arquitectes.cat\/en\/agrupat\/#breadcrumb\",\"itemListElement\":[{\"@type\":\"ListItem\",\"position\":1,\"name\":\"Portada\",\"item\":\"https:\/\/aus.arquitectes.cat\/en\/\"},{\"@type\":\"ListItem\",\"position\":2,\"name\":\"Join us\"}]},{\"@type\":\"WebSite\",\"@id\":\"https:\/\/aus.arquitectes.cat\/#website\",\"url\":\"https:\/\/aus.arquitectes.cat\/\",\"name\":\"AUS Arquitectes\",\"description\":\"\",\"potentialAction\":[{\"@type\":\"SearchAction\",\"target\":{\"@type\":\"EntryPoint\",\"urlTemplate\":\"https:\/\/aus.arquitectes.cat\/?s={search_term_string}\"},\"query-input\":\"required name=search_term_string\"}],\"inLanguage\":\"en-US\"}]}<\/script>\n<!-- \/ Yoast SEO plugin. -->","yoast_head_json":{"title":"Join us a la Associaci\u00f3 d'Arquit\u00e8ctes | AUS Arquitectes","description":"Si comparteixes la nostra visi\u00f3 sobre l'arquitectura i tens inter\u00e8s en col\u00b7laborar o participar en la nostra agrupaci\u00f3, t'invitem a unir-te. Entra ara!","robots":{"index":"index","follow":"follow","max-snippet":"max-snippet:-1","max-image-preview":"max-image-preview:large","max-video-preview":"max-video-preview:-1"},"canonical":"https:\/\/aus.arquitectes.cat\/en\/agrupat\/","og_locale":"en_US","og_type":"article","og_title":"Join us a la Associaci\u00f3 d'Arquit\u00e8ctes | AUS Arquitectes","og_description":"Si comparteixes la nostra visi\u00f3 sobre l'arquitectura i tens inter\u00e8s en col\u00b7laborar o participar en la nostra agrupaci\u00f3, t'invitem a unir-te. Entra ara!","og_url":"https:\/\/aus.arquitectes.cat\/en\/agrupat\/","og_site_name":"AUS Arquitectes","article_modified_time":"2026-02-16T13:12:20+00:00","twitter_card":"summary_large_image","twitter_misc":{"Est. reading time":"4 minutes"},"schema":{"@context":"https:\/\/schema.org","@graph":[{"@type":"WebPage","@id":"https:\/\/aus.arquitectes.cat\/en\/agrupat\/","url":"https:\/\/aus.arquitectes.cat\/en\/agrupat\/","name":"Join us a la Associaci\u00f3 d'Arquit\u00e8ctes | AUS Arquitectes","isPartOf":{"@id":"https:\/\/aus.arquitectes.cat\/#website"},"datePublished":"2023-08-26T13:28:07+00:00","dateModified":"2026-02-16T13:12:20+00:00","description":"Si comparteixes la nostra visi\u00f3 sobre l'arquitectura i tens inter\u00e8s en col\u00b7laborar o participar en la nostra agrupaci\u00f3, t'invitem a unir-te. Entra ara!","breadcrumb":{"@id":"https:\/\/aus.arquitectes.cat\/en\/agrupat\/#breadcrumb"},"inLanguage":"en-US","potentialAction":[{"@type":"ReadAction","target":["https:\/\/aus.arquitectes.cat\/en\/agrupat\/"]}]},{"@type":"BreadcrumbList","@id":"https:\/\/aus.arquitectes.cat\/en\/agrupat\/#breadcrumb","itemListElement":[{"@type":"ListItem","position":1,"name":"Portada","item":"https:\/\/aus.arquitectes.cat\/en\/"},{"@type":"ListItem","position":2,"name":"Join us"}]},{"@type":"WebSite","@id":"https:\/\/aus.arquitectes.cat\/#website","url":"https:\/\/aus.arquitectes.cat\/","name":"AUS Arquitectes","description":"","potentialAction":[{"@type":"SearchAction","target":{"@type":"EntryPoint","urlTemplate":"https:\/\/aus.arquitectes.cat\/?s={search_term_string}"},"query-input":"required name=search_term_string"}],"inLanguage":"en-US"}]}},"_links":{"self":[{"href":"https:\/\/aus.arquitectes.cat\/en\/wp-json\/wp\/v2\/pages\/12712"}],"collection":[{"href":"https:\/\/aus.arquitectes.cat\/en\/wp-json\/wp\/v2\/pages"}],"about":[{"href":"https:\/\/aus.arquitectes.cat\/en\/wp-json\/wp\/v2\/types\/page"}],"author":[{"embeddable":true,"href":"https:\/\/aus.arquitectes.cat\/en\/wp-json\/wp\/v2\/users\/1"}],"replies":[{"embeddable":true,"href":"https:\/\/aus.arquitectes.cat\/en\/wp-json\/wp\/v2\/comments?post=12712"}],"version-history":[{"count":6,"href":"https:\/\/aus.arquitectes.cat\/en\/wp-json\/wp\/v2\/pages\/12712\/revisions"}],"predecessor-version":[{"id":14798,"href":"https:\/\/aus.arquitectes.cat\/en\/wp-json\/wp\/v2\/pages\/12712\/revisions\/14798"}],"wp:attachment":[{"href":"https:\/\/aus.arquitectes.cat\/en\/wp-json\/wp\/v2\/media?parent=12712"}],"curies":[{"name":"wp","href":"https:\/\/api.w.org\/{rel}","templated":true}]}}