{"id":14197,"date":"2025-08-13T11:07:53","date_gmt":"2025-08-13T11:07:53","guid":{"rendered":"https:\/\/aus.arquitectes.cat\/que-fem\/"},"modified":"2026-03-24T11:02:56","modified_gmt":"2026-03-24T11:02:56","slug":"que-fem","status":"publish","type":"page","link":"https:\/\/aus.arquitectes.cat\/en\/que-fem\/","title":{"rendered":"What do we do?"},"content":{"rendered":"<section class=\"l-section wpb_row us_custom_d5bf8936 height_medium with_img\"><div class=\"l-section-img\" role=\"img\" data-img-width=\"2560\" data-img-height=\"1707\" style=\"background-image: url(https:\/\/aus.arquitectes.cat\/wp-content\/uploads\/2025\/08\/difusio-scaled.jpg);\"><\/div><div class=\"l-section-h i-cf\"><div class=\"g-cols vc_row via_grid cols_1 laptops-cols_inherit tablets-cols_inherit mobiles-cols_1 valign_top type_default stacking_default\"><div class=\"wpb_column vc_column_container us_custom_da13fa86\"><div class=\"vc_column-inner\"><ol class=\"g-breadcrumbs us_custom_6df4bc3a has_text_color separator_icon align_center hide_current\" role=\"navigation\" itemscope itemtype=\"http:\/\/schema.org\/BreadcrumbList\"><li class=\"g-breadcrumbs-item\">Pages<\/li><\/ol><div class=\"wpb_text_column us_custom_02859c20 has_text_color\"><div class=\"wpb_wrapper\"><p style=\"text-align: center;\">WHAT<br \/>\nWE DO?<\/p>\n<\/div><\/div><\/div><\/div><\/div><\/div><\/section><section class=\"l-section wpb_row height_medium width_custom\" style=\"--site-content-width:1060px;\"><div class=\"l-section-overlay\" style=\"background:#000000\"><\/div><div class=\"l-section-h i-cf\"><div class=\"g-cols vc_row via_grid cols_1 laptops-cols_inherit tablets-cols_inherit mobiles-cols_1 valign_top type_default stacking_default\"><div class=\"wpb_column vc_column_container\"><div class=\"vc_column-inner\"><div class=\"wpb_text_column us_custom_4baf033a has_text_color\"><div class=\"wpb_wrapper\"><p>AUS ARCHITECTS<\/p>\n<\/div><\/div><div class=\"wpb_text_column us_custom_805467d5 has_text_color\"><div class=\"wpb_wrapper\"><p style=\"text-align: center;\" data-start=\"45\" data-end=\"234\">We promote a more sustainable, healthy, and just architecture from a critical and constructive perspective, highlighting the relationship between architecture, sustainability, and health.<\/p>\n<p style=\"text-align: center;\" data-start=\"236\" data-end=\"386\" data-is-last-node=\"\" data-is-only-node=\"\">We aim to be a technical and social reference, fostering spaces that improve livability, reduce environmental impact, and enhance people\u2019s well-being.<\/p>\n<p style=\"text-align: center;\">Our work focuses on three main areas: advocacy, dissemination, and education.<\/p>\n<\/div><\/div><\/div><\/div><\/div><\/div><\/section><section class=\"l-section wpb_row height_auto width_custom\" style=\"--site-content-width:1130px;\"><div class=\"l-section-h i-cf\"><div class=\"g-cols vc_row via_grid cols_2 laptops-cols_inherit tablets-cols_inherit mobiles-cols_1 valign_top type_default stacking_default\"><div class=\"wpb_column vc_column_container\"><div class=\"vc_column-inner\"><div class=\"w-image us_custom_3188818e align_none\"><div url class=\"w-image-h\"><img loading=\"lazy\" decoding=\"async\" width=\"1024\" height=\"675\" src=\"https:\/\/aus.arquitectes.cat\/wp-content\/uploads\/2025\/09\/12-1-1024x675.jpg\" class=\"attachment-large size-large\" alt=\"\" srcset=\"https:\/\/aus.arquitectes.cat\/wp-content\/uploads\/2025\/09\/12-1-1024x675.jpg 1024w, https:\/\/aus.arquitectes.cat\/wp-content\/uploads\/2025\/09\/12-1-300x198.jpg 300w\" sizes=\"(max-width: 1024px) 100vw, 1024px\" \/><\/div><\/div><\/div><\/div><div class=\"wpb_column vc_column_container\"><div class=\"vc_column-inner\"><div class=\"wpb_text_column us_custom_24906cc8 has_text_color\"><div class=\"wpb_wrapper\"><p>ADVOCACY<\/p>\n<\/div><\/div><div class=\"wpb_text_column us_custom_1708e084\"><div class=\"wpb_wrapper\"><p data-start=\"45\" data-end=\"393\">We work to influence public policies and professional practices by providing expert knowledge and technical judgment in sustainability. We participate in legislative processes, prepare reports, advise institutions, and promote the inclusion of environmental and health criteria in competitions, regulations, and urban and architectural standards.<\/p>\n<p data-start=\"395\" data-end=\"538\" data-is-last-node=\"\" data-is-only-node=\"\">We position ourselves as COAC representatives with administrations and organizations to drive real change toward more responsible architecture.<\/p>\n<\/div><\/div><\/div><\/div><\/div><\/div><\/section><section class=\"l-section wpb_row height_auto width_custom\" style=\"--site-content-width:1130px;\"><div class=\"l-section-h i-cf\"><div class=\"g-cols vc_row via_grid cols_2 laptops-cols_inherit tablets-cols_inherit mobiles-cols_1 valign_top type_default stacking_default\"><div class=\"wpb_column vc_column_container\"><div class=\"vc_column-inner\"><div class=\"w-image us_custom_5ae296a1 align_none\"><div url class=\"w-image-h\"><img loading=\"lazy\" decoding=\"async\" width=\"1024\" height=\"683\" src=\"https:\/\/aus.arquitectes.cat\/wp-content\/uploads\/2025\/09\/4-1-1024x683.jpg\" class=\"attachment-large size-large\" alt=\"\" srcset=\"https:\/\/aus.arquitectes.cat\/wp-content\/uploads\/2025\/09\/4-1-1024x683.jpg 1024w, https:\/\/aus.arquitectes.cat\/wp-content\/uploads\/2025\/09\/4-1-300x200.jpg 300w, https:\/\/aus.arquitectes.cat\/wp-content\/uploads\/2025\/09\/4-1.jpg 1134w\" sizes=\"(max-width: 1024px) 100vw, 1024px\" \/><\/div><\/div><\/div><\/div><div class=\"wpb_column vc_column_container\"><div class=\"vc_column-inner\"><div class=\"wpb_text_column us_custom_24906cc8 has_text_color\"><div class=\"wpb_wrapper\"><p><span style=\"font-weight: 400;\">DISSEMINATION<\/span><\/p>\n<\/div><\/div><div class=\"wpb_text_column us_custom_1708e084\"><div class=\"wpb_wrapper\"><p data-start=\"45\" data-end=\"251\">We organize workshops, exhibitions, conferences, and debates to share knowledge and foster critical reflection on the role of architecture in addressing major environmental, social, and health challenges.<\/p>\n<p data-start=\"253\" data-end=\"473\" data-is-last-node=\"\" data-is-only-node=\"\">We highlight best practices and promote an inspiring yet demanding narrative. We act as a voice for sustainability both within and beyond the sector, creating connections with professionals, institutions, and the public.<\/p>\n<\/div><\/div><\/div><\/div><\/div><\/div><\/section><section class=\"l-section wpb_row height_auto width_custom\" style=\"--site-content-width:1130px;\"><div class=\"l-section-h i-cf\"><div class=\"g-cols vc_row via_grid cols_2 laptops-cols_inherit tablets-cols_inherit mobiles-cols_1 valign_top type_default stacking_default\"><div class=\"wpb_column vc_column_container\"><div class=\"vc_column-inner\"><div class=\"w-image us_custom_5ae296a1 align_none\"><div url class=\"w-image-h\"><img loading=\"lazy\" decoding=\"async\" width=\"1000\" height=\"648\" src=\"https:\/\/aus.arquitectes.cat\/wp-content\/uploads\/2025\/09\/WhatsApp-Image-2025-09-25-at-09.53.49-1.jpeg\" class=\"attachment-large size-large\" alt=\"\" srcset=\"https:\/\/aus.arquitectes.cat\/wp-content\/uploads\/2025\/09\/WhatsApp-Image-2025-09-25-at-09.53.49-1.jpeg 1000w, https:\/\/aus.arquitectes.cat\/wp-content\/uploads\/2025\/09\/WhatsApp-Image-2025-09-25-at-09.53.49-1-300x194.jpeg 300w\" sizes=\"(max-width: 1000px) 100vw, 1000px\" \/><\/div><\/div><\/div><\/div><div class=\"wpb_column vc_column_container\"><div class=\"vc_column-inner\"><div class=\"wpb_text_column us_custom_24906cc8 has_text_color\"><div class=\"wpb_wrapper\"><p><span style=\"font-weight: 400;\">EDUCATION<\/span><\/p>\n<\/div><\/div><div class=\"wpb_text_column us_custom_1708e084\"><div class=\"wpb_wrapper\"><p data-start=\"45\" data-end=\"199\">Aware of the need to transform the sector, we promote the continuous education of architects and other professionals connected to the built environment.<\/p>\n<p data-start=\"201\" data-end=\"381\" data-is-last-node=\"\" data-is-only-node=\"\">We offer courses, workshops, and technical sessions that provide the necessary tools to incorporate environmental, social, economic, and health criteria at all stages of a project.<\/p>\n<p><span style=\"font-weight: 400;\">Contribu\u00efm a una pr\u00e0ctica professional m\u00e9s conscient, actualitzada i alineada amb els reptes del nostre temps.<\/span><\/p>\n<\/div><\/div><\/div><\/div><\/div><\/div><\/section><section class=\"l-section wpb_row height_auto width_full\"><div class=\"l-section-h i-cf\"><div class=\"g-cols vc_row via_grid cols_1 laptops-cols_inherit tablets-cols_inherit mobiles-cols_1 valign_top type_default stacking_default\"><div class=\"wpb_column vc_column_container\"><div class=\"vc_column-inner\"><div class=\"w-separator size_medium with_line width_default thick_2 style_dotted color_border align_center\"><div class=\"w-separator-h\"><\/div><\/div><\/div><\/div><\/div><\/div><\/section><section class=\"l-section wpb_row height_auto width_custom\" style=\"--site-content-width:1130px;\"><div class=\"l-section-h i-cf\"><div class=\"g-cols vc_row via_grid cols_2 laptops-cols_inherit tablets-cols_inherit mobiles-cols_1 valign_top type_default stacking_default\"><div class=\"wpb_column vc_column_container\"><div class=\"vc_column-inner\"><div class=\"wpb_text_column us_custom_24906cc8 has_text_color\"><div class=\"wpb_wrapper\"><p><span style=\"font-weight: 400;\">ACTIVITIES <\/span>FOR MEMBERS<\/p>\n<\/div><\/div><div class=\"wpb_text_column us_custom_1708e084\"><div class=\"wpb_wrapper\"><p data-start=\"32\" data-end=\"222\">we promote spaces for active participation among our members, with the aim of sharing knowledge, fostering debate, and strengthening the professional community around sustainability.<\/p>\n<p data-start=\"224\" data-end=\"419\">On the one hand, we promote<a href=\"https:\/\/aus.arquitectes.cat\/en\/category\/agrupats-en\/debats-aus-en\/\"><strong> thematic debates<\/strong><\/a>\u2014activities proposed and organized by members themselves, with the support of the AUS Board and COAC to facilitate their development and dissemination.<\/p>\n<\/div><\/div><div class=\"w-btn-wrapper align_center\"><a class=\"w-btn us-btn-style_1 us_custom_edb423b1\" href=\"https:\/\/aus.arquitectes.cat\/en\/category\/agrupats-en\/debats-aus-en\/\"><span class=\"w-btn-label\">AUS DEBATES<\/span><\/a><\/div><div class=\"wpb_text_column us_custom_1708e084\"><div class=\"wpb_wrapper\"><p data-start=\"421\" data-end=\"554\">On the other hand, we organize <a href=\"https:\/\/aus.arquitectes.cat\/category\/agrupats\/visites-aus\/\"><strong>technical visits<\/strong><\/a> to explore first-hand relevant projects, works, and initiatives in the field of sustainability.<\/p>\n<\/div><\/div><div class=\"w-btn-wrapper align_center\"><a class=\"w-btn us-btn-style_1 us_custom_edb423b1\" href=\"https:\/\/aus.arquitectes.cat\/en\/category\/agrupats-en\/aus-visits\/\"><span class=\"w-btn-label\">AUS VISITS<\/span><\/a><\/div><\/div><\/div><div class=\"wpb_column vc_column_container\"><div class=\"vc_column-inner\"><div class=\"w-image us_custom_5ae296a1 align_none\"><div url class=\"w-image-h\"><img loading=\"lazy\" decoding=\"async\" width=\"1024\" height=\"657\" src=\"https:\/\/aus.arquitectes.cat\/wp-content\/uploads\/2026\/03\/PORTADA-DEBATS-1024x657.jpg\" class=\"attachment-large size-large\" alt=\"\" srcset=\"https:\/\/aus.arquitectes.cat\/wp-content\/uploads\/2026\/03\/PORTADA-DEBATS-1024x657.jpg 1024w, https:\/\/aus.arquitectes.cat\/wp-content\/uploads\/2026\/03\/PORTADA-DEBATS-300x192.jpg 300w, https:\/\/aus.arquitectes.cat\/wp-content\/uploads\/2026\/03\/PORTADA-DEBATS.jpg 1049w\" sizes=\"(max-width: 1024px) 100vw, 1024px\" \/><\/div><\/div><div class=\"w-image us_custom_5ae296a1 align_none\"><div url class=\"w-image-h\"><img loading=\"lazy\" decoding=\"async\" width=\"1024\" height=\"657\" src=\"https:\/\/aus.arquitectes.cat\/wp-content\/uploads\/2026\/03\/PORTADA-ACTIVITATS-1024x657.jpg\" class=\"attachment-large size-large\" alt=\"\" srcset=\"https:\/\/aus.arquitectes.cat\/wp-content\/uploads\/2026\/03\/PORTADA-ACTIVITATS-1024x657.jpg 1024w, https:\/\/aus.arquitectes.cat\/wp-content\/uploads\/2026\/03\/PORTADA-ACTIVITATS-300x192.jpg 300w, https:\/\/aus.arquitectes.cat\/wp-content\/uploads\/2026\/03\/PORTADA-ACTIVITATS.jpg 1049w\" sizes=\"(max-width: 1024px) 100vw, 1024px\" \/><\/div><\/div><\/div><\/div><\/div><\/div><\/section><section class=\"l-section wpb_row height_auto width_full\"><div class=\"l-section-h i-cf\"><div class=\"g-cols vc_row via_grid cols_1 laptops-cols_inherit tablets-cols_inherit mobiles-cols_1 valign_top type_default stacking_default\"><div class=\"wpb_column vc_column_container\"><div class=\"vc_column-inner\"><div class=\"w-separator size_medium\"><\/div><\/div><\/div><\/div><\/div><\/section><section class=\"l-section wpb_row height_auto width_full\"><div class=\"l-section-h i-cf\"><div class=\"g-cols vc_row via_grid cols_1 laptops-cols_inherit tablets-cols_inherit mobiles-cols_1 valign_top type_default stacking_default\"><div class=\"wpb_column vc_column_container\"><div class=\"vc_column-inner\"><div class=\"w-image align_none\"><div url class=\"w-image-h\"><img loading=\"lazy\" decoding=\"async\" width=\"2381\" height=\"920\" src=\"https:\/\/aus.arquitectes.cat\/wp-content\/uploads\/2024\/03\/MGA4455.jpg\" class=\"attachment-full size-full\" alt=\"\" srcset=\"https:\/\/aus.arquitectes.cat\/wp-content\/uploads\/2024\/03\/MGA4455.jpg 2381w, https:\/\/aus.arquitectes.cat\/wp-content\/uploads\/2024\/03\/MGA4455-300x116.jpg 300w, https:\/\/aus.arquitectes.cat\/wp-content\/uploads\/2024\/03\/MGA4455-1024x396.jpg 1024w\" sizes=\"(max-width: 2381px) 100vw, 2381px\" \/><\/div><\/div><\/div><\/div><\/div><\/div><\/section>\n","protected":false},"excerpt":{"rendered":"PagesWHAT WE DO? AUS ARCHITECTS We promote a more sustainable, healthy, and just architecture from a critical and constructive perspective, highlighting the relationship between architecture, sustainability, and health. We aim to be a technical and social reference, fostering spaces that improve livability, reduce environmental impact, and enhance people\u2019s well-being. Our work focuses on three main...","protected":false},"author":1,"featured_media":0,"parent":0,"menu_order":0,"comment_status":"closed","ping_status":"closed","template":"","meta":{"footnotes":""},"yoast_head":"<!-- This site is optimized with the Yoast SEO plugin v22.9 - https:\/\/yoast.com\/wordpress\/plugins\/seo\/ -->\n<title>What do we do? Arquitectura Sostenible | AUS Arquitectes<\/title>\n<meta name=\"description\" content=\"AUS defensa h\u00e0bitats sostenibles per al benestar del planeta i els seus habitants. Descobreix qui som, la nostra missi\u00f3 i valors.\" \/>\n<meta name=\"robots\" content=\"index, follow, max-snippet:-1, max-image-preview:large, max-video-preview:-1\" \/>\n<link rel=\"canonical\" href=\"https:\/\/aus.arquitectes.cat\/en\/que-fem\/\" \/>\n<meta property=\"og:locale\" content=\"en_US\" \/>\n<meta property=\"og:type\" content=\"article\" \/>\n<meta property=\"og:title\" content=\"What do we do? Arquitectura Sostenible | AUS Arquitectes\" \/>\n<meta property=\"og:description\" content=\"AUS defensa h\u00e0bitats sostenibles per al benestar del planeta i els seus habitants. Descobreix qui som, la nostra missi\u00f3 i valors.\" \/>\n<meta property=\"og:url\" content=\"https:\/\/aus.arquitectes.cat\/en\/que-fem\/\" \/>\n<meta property=\"og:site_name\" content=\"AUS Arquitectes\" \/>\n<meta property=\"article:modified_time\" content=\"2026-03-24T11:02:56+00:00\" \/>\n<meta name=\"twitter:card\" content=\"summary_large_image\" \/>\n<meta name=\"twitter:label1\" content=\"Est. reading time\" \/>\n\t<meta name=\"twitter:data1\" content=\"4 minutes\" \/>\n<script type=\"application\/ld+json\" class=\"yoast-schema-graph\">{\"@context\":\"https:\/\/schema.org\",\"@graph\":[{\"@type\":\"WebPage\",\"@id\":\"https:\/\/aus.arquitectes.cat\/en\/que-fem\/\",\"url\":\"https:\/\/aus.arquitectes.cat\/en\/que-fem\/\",\"name\":\"What do we do? Arquitectura Sostenible | AUS Arquitectes\",\"isPartOf\":{\"@id\":\"https:\/\/aus.arquitectes.cat\/#website\"},\"datePublished\":\"2025-08-13T11:07:53+00:00\",\"dateModified\":\"2026-03-24T11:02:56+00:00\",\"description\":\"AUS defensa h\u00e0bitats sostenibles per al benestar del planeta i els seus habitants. Descobreix qui som, la nostra missi\u00f3 i valors.\",\"breadcrumb\":{\"@id\":\"https:\/\/aus.arquitectes.cat\/en\/que-fem\/#breadcrumb\"},\"inLanguage\":\"en-US\",\"potentialAction\":[{\"@type\":\"ReadAction\",\"target\":[\"https:\/\/aus.arquitectes.cat\/en\/que-fem\/\"]}]},{\"@type\":\"BreadcrumbList\",\"@id\":\"https:\/\/aus.arquitectes.cat\/en\/que-fem\/#breadcrumb\",\"itemListElement\":[{\"@type\":\"ListItem\",\"position\":1,\"name\":\"Portada\",\"item\":\"https:\/\/aus.arquitectes.cat\/en\/\"},{\"@type\":\"ListItem\",\"position\":2,\"name\":\"What do we do?\"}]},{\"@type\":\"WebSite\",\"@id\":\"https:\/\/aus.arquitectes.cat\/#website\",\"url\":\"https:\/\/aus.arquitectes.cat\/\",\"name\":\"AUS Arquitectes\",\"description\":\"\",\"potentialAction\":[{\"@type\":\"SearchAction\",\"target\":{\"@type\":\"EntryPoint\",\"urlTemplate\":\"https:\/\/aus.arquitectes.cat\/?s={search_term_string}\"},\"query-input\":\"required name=search_term_string\"}],\"inLanguage\":\"en-US\"}]}<\/script>\n<!-- \/ Yoast SEO plugin. -->","yoast_head_json":{"title":"What do we do? Arquitectura Sostenible | AUS Arquitectes","description":"AUS defensa h\u00e0bitats sostenibles per al benestar del planeta i els seus habitants. Descobreix qui som, la nostra missi\u00f3 i valors.","robots":{"index":"index","follow":"follow","max-snippet":"max-snippet:-1","max-image-preview":"max-image-preview:large","max-video-preview":"max-video-preview:-1"},"canonical":"https:\/\/aus.arquitectes.cat\/en\/que-fem\/","og_locale":"en_US","og_type":"article","og_title":"What do we do? Arquitectura Sostenible | AUS Arquitectes","og_description":"AUS defensa h\u00e0bitats sostenibles per al benestar del planeta i els seus habitants. Descobreix qui som, la nostra missi\u00f3 i valors.","og_url":"https:\/\/aus.arquitectes.cat\/en\/que-fem\/","og_site_name":"AUS Arquitectes","article_modified_time":"2026-03-24T11:02:56+00:00","twitter_card":"summary_large_image","twitter_misc":{"Est. reading time":"4 minutes"},"schema":{"@context":"https:\/\/schema.org","@graph":[{"@type":"WebPage","@id":"https:\/\/aus.arquitectes.cat\/en\/que-fem\/","url":"https:\/\/aus.arquitectes.cat\/en\/que-fem\/","name":"What do we do? Arquitectura Sostenible | AUS Arquitectes","isPartOf":{"@id":"https:\/\/aus.arquitectes.cat\/#website"},"datePublished":"2025-08-13T11:07:53+00:00","dateModified":"2026-03-24T11:02:56+00:00","description":"AUS defensa h\u00e0bitats sostenibles per al benestar del planeta i els seus habitants. Descobreix qui som, la nostra missi\u00f3 i valors.","breadcrumb":{"@id":"https:\/\/aus.arquitectes.cat\/en\/que-fem\/#breadcrumb"},"inLanguage":"en-US","potentialAction":[{"@type":"ReadAction","target":["https:\/\/aus.arquitectes.cat\/en\/que-fem\/"]}]},{"@type":"BreadcrumbList","@id":"https:\/\/aus.arquitectes.cat\/en\/que-fem\/#breadcrumb","itemListElement":[{"@type":"ListItem","position":1,"name":"Portada","item":"https:\/\/aus.arquitectes.cat\/en\/"},{"@type":"ListItem","position":2,"name":"What do we do?"}]},{"@type":"WebSite","@id":"https:\/\/aus.arquitectes.cat\/#website","url":"https:\/\/aus.arquitectes.cat\/","name":"AUS Arquitectes","description":"","potentialAction":[{"@type":"SearchAction","target":{"@type":"EntryPoint","urlTemplate":"https:\/\/aus.arquitectes.cat\/?s={search_term_string}"},"query-input":"required name=search_term_string"}],"inLanguage":"en-US"}]}},"_links":{"self":[{"href":"https:\/\/aus.arquitectes.cat\/en\/wp-json\/wp\/v2\/pages\/14197"}],"collection":[{"href":"https:\/\/aus.arquitectes.cat\/en\/wp-json\/wp\/v2\/pages"}],"about":[{"href":"https:\/\/aus.arquitectes.cat\/en\/wp-json\/wp\/v2\/types\/page"}],"author":[{"embeddable":true,"href":"https:\/\/aus.arquitectes.cat\/en\/wp-json\/wp\/v2\/users\/1"}],"replies":[{"embeddable":true,"href":"https:\/\/aus.arquitectes.cat\/en\/wp-json\/wp\/v2\/comments?post=14197"}],"version-history":[{"count":5,"href":"https:\/\/aus.arquitectes.cat\/en\/wp-json\/wp\/v2\/pages\/14197\/revisions"}],"predecessor-version":[{"id":15082,"href":"https:\/\/aus.arquitectes.cat\/en\/wp-json\/wp\/v2\/pages\/14197\/revisions\/15082"}],"wp:attachment":[{"href":"https:\/\/aus.arquitectes.cat\/en\/wp-json\/wp\/v2\/media?parent=14197"}],"curies":[{"name":"wp","href":"https:\/\/api.w.org\/{rel}","templated":true}]}}