{"id":12628,"date":"2023-08-26T13:28:07","date_gmt":"2023-08-26T13:28:07","guid":{"rendered":"https:\/\/aus.tctprojects.com\/?page_id=12628"},"modified":"2026-02-16T13:13:26","modified_gmt":"2026-02-16T13:13:26","slug":"agrupat","status":"publish","type":"page","link":"https:\/\/aus.arquitectes.cat\/es\/agrupat\/","title":{"rendered":"Hazte miembro"},"content":{"rendered":"<section class=\"l-section wpb_row us_custom_057801f8 height_medium\"><div class=\"l-section-h i-cf\"><div class=\"g-cols vc_row via_grid cols_1 laptops-cols_inherit tablets-cols_inherit mobiles-cols_1 valign_middle type_default stacking_default\" style=\"grid-gap:6rem;\"><div class=\"wpb_column vc_column_container\"><div class=\"vc_column-inner\"><div class=\"wpb_text_column\"><div class=\"wpb_wrapper\"><h2 style=\"text-align: center;\">Hazte miembro<\/h2>\n<p style=\"text-align: center;\">Si compartes nuestra visi\u00f3n sobre la arquitectura y tienes inter\u00e9s en colaborar o participar activamente en nuestra agrupaci\u00f3n, te invitamos a unirte. Todas las personas que se identifiquen con nuestros intereses pueden integrarse en nuestro grupo, sin que sea necesario ser arquitecto\/a o estar colegiado\/a.<\/p>\n<\/div><\/div><div class=\"g-cols wpb_row us_custom_fcbeccca via_grid cols_2 laptops-cols_inherit tablets-cols_inherit mobiles-cols_1 valign_middle type_default stacking_default\" style=\"grid-gap:0rem;\"><div class=\"wpb_column vc_column_container\"><div class=\"vc_column-inner\"><div class=\"w-iconbox iconpos_top style_default color_primary align_center icontype_img\"><div class=\"w-iconbox-icon\" style=\"font-size:4rem;\"><img loading=\"lazy\" decoding=\"async\" width=\"142\" height=\"142\" src=\"https:\/\/aus.arquitectes.cat\/wp-content\/uploads\/2025\/08\/DESCOMPTES.png\" class=\"attachment-full size-full\" alt=\"\" \/><\/div><div class=\"w-iconbox-meta\"><h4 class=\"w-iconbox-title\">Descuentos<\/h4><div class=\"w-iconbox-text\"><p>EN FORMACI\u00d3N, ENTRADAS A EVENTOS, JORNADAS, TALLERES.<\/p>\n<\/div><\/div><\/div><\/div><\/div><div class=\"wpb_column vc_column_container\"><div class=\"vc_column-inner\"><div class=\"w-iconbox iconpos_top style_default color_primary align_center icontype_img\"><div class=\"w-iconbox-icon\" style=\"font-size:4rem;\"><img loading=\"lazy\" decoding=\"async\" width=\"142\" height=\"142\" src=\"https:\/\/aus.arquitectes.cat\/wp-content\/uploads\/2025\/08\/VISIBILITAT.png\" class=\"attachment-full size-full\" alt=\"\" \/><\/div><div class=\"w-iconbox-meta\"><h4 class=\"w-iconbox-title\">Visibilidad<\/h4><div class=\"w-iconbox-text\"><p>EN LA WEB DE AUS Y EN NUESTRAS REDES SOCIALES.<\/p>\n<\/div><\/div><\/div><\/div><\/div><div class=\"wpb_column vc_column_container\"><div class=\"vc_column-inner\"><div class=\"w-iconbox iconpos_top style_default color_primary align_center icontype_img\"><div class=\"w-iconbox-icon\" style=\"font-size:4em;\"><img loading=\"lazy\" decoding=\"async\" width=\"142\" height=\"142\" src=\"https:\/\/aus.arquitectes.cat\/wp-content\/uploads\/2025\/08\/CONNEXIO.png\" class=\"attachment-full size-full\" alt=\"\" \/><\/div><div class=\"w-iconbox-meta\"><h4 class=\"w-iconbox-title\">Conexi\u00f3n<\/h4><div class=\"w-iconbox-text\"><p>ENTRA EN UNA RED DE PROFESIONALES COMPROMETIDOS.<\/p>\n<\/div><\/div><\/div><\/div><\/div><div class=\"wpb_column vc_column_container\"><div class=\"vc_column-inner\"><div class=\"w-iconbox iconpos_top style_default color_primary align_center icontype_img\"><div class=\"w-iconbox-icon\" style=\"font-size:4rem;\"><img loading=\"lazy\" decoding=\"async\" width=\"142\" height=\"142\" src=\"https:\/\/aus.arquitectes.cat\/wp-content\/uploads\/2025\/08\/INFO.png\" class=\"attachment-full size-full\" alt=\"\" \/><\/div><div class=\"w-iconbox-meta\"><h4 class=\"w-iconbox-title\">Informaci\u00f3n<\/h4><div class=\"w-iconbox-text\"><p>ACCEDE A NUESTRO GRUPO DE WHATSAPP PROFESIONAL Y NEWSLETTER PERI\u00d3DICA.<\/p>\n<\/div><\/div><\/div><\/div><\/div><div class=\"wpb_column vc_column_container\"><div class=\"vc_column-inner\"><div class=\"w-iconbox iconpos_top style_default color_primary align_center icontype_img\"><div class=\"w-iconbox-icon\" style=\"font-size:4rem;\"><img loading=\"lazy\" decoding=\"async\" width=\"142\" height=\"142\" src=\"https:\/\/aus.arquitectes.cat\/wp-content\/uploads\/2025\/08\/ACCES.png\" class=\"attachment-full size-full\" alt=\"\" \/><\/div><div class=\"w-iconbox-meta\"><h4 class=\"w-iconbox-title\">Acceso preferente<\/h4><div class=\"w-iconbox-text\"><p>ENTRADA LIBRE Y FILA RESERVADA EN NUESTRAS JORNADAS.<\/p>\n<\/div><\/div><\/div><\/div><\/div><div class=\"wpb_column vc_column_container\"><div class=\"vc_column-inner\"><div class=\"w-iconbox iconpos_top style_default color_primary align_center icontype_img\"><div class=\"w-iconbox-icon\" style=\"font-size:4rem;\"><img loading=\"lazy\" decoding=\"async\" width=\"142\" height=\"142\" src=\"https:\/\/aus.arquitectes.cat\/wp-content\/uploads\/2025\/08\/PARTICIPA.png\" class=\"attachment-full size-full\" alt=\"\" \/><\/div><div class=\"w-iconbox-meta\"><h4 class=\"w-iconbox-title\">Participa<\/h4><div class=\"w-iconbox-text\"><p>EN LA ASAMBLEA Y OTROS ESPACIOS DE DEBATE.<\/p>\n<\/div><\/div><\/div><\/div><\/div><\/div><\/div><\/div><\/div><\/div><\/section><section class=\"l-section wpb_row us_custom_057801f8 height_medium\"><div class=\"l-section-h i-cf\"><div class=\"g-cols vc_row via_grid cols_1 laptops-cols_inherit tablets-cols_inherit mobiles-cols_1 valign_middle type_default stacking_default\" style=\"grid-gap:6rem;\"><div class=\"wpb_column vc_column_container\"><div class=\"vc_column-inner\"><div class=\"wpb_text_column\"><div class=\"wpb_wrapper\"><h2 style=\"text-align: center;\">\u00bfC\u00f3mo registrarte?<\/h2>\n<\/div><\/div><div class=\"g-cols wpb_row us_custom_fcbeccca via_grid cols_2 laptops-cols_inherit tablets-cols_inherit mobiles-cols_1 valign_middle type_default stacking_default\" style=\"grid-gap:0rem;\"><div class=\"wpb_column vc_column_container\"><div class=\"vc_column-inner\"><div class=\"w-btn-wrapper align_center\"><a class=\"w-btn us-btn-style_1 us_custom_72fc42ef icon_atleft\" target=\"_blank\" href=\"https:\/\/aus.arquitectes.cat\/wp-content\/uploads\/2023\/10\/2023_BUTLLETA-INSCRIPCIO_AUS_Editable.pdf\"><i class=\"fas fa-download\"><\/i><span class=\"w-btn-label\">Formulario de inscripci\u00f3n<\/span><\/a><\/div><\/div><\/div><div class=\"wpb_column vc_column_container\"><div class=\"vc_column-inner\"><div class=\"w-btn-wrapper align_center\"><a class=\"w-btn us-btn-style_1 us_custom_72fc42ef icon_atleft\" target=\"_blank\" href=\"https:\/\/aus.arquitectes.cat\/wp-content\/uploads\/2023\/10\/SEPAARQUITECTES-SOCIETATS-_Editable.pdf\"><i class=\"fas fa-download\"><\/i><span class=\"w-btn-label\">Formulario SEPA<\/span><\/a><\/div><\/div><\/div><\/div><div class=\"wpb_text_column us_custom_54e7f678\"><div class=\"wpb_wrapper\"><p data-start=\"49\" data-end=\"157\">1. Descarga el formulario de inscripci\u00f3n junto con el formulario SEPA y compl\u00e9talos con tus datos personales.<\/p>\n<p data-start=\"162\" data-end=\"244\">2. Env\u00edanos estos dos documentos por correo electr\u00f3nico a <a class=\"cursor-pointer\" rel=\"noopener\" data-start=\"219\" data-end=\"239\">agrupacions@coac.net<\/a>.<\/p>\n<p data-start=\"162\" data-end=\"244\">* En un plazo m\u00e1ximo de 7 d\u00edas laborables, recibir\u00e1s un correo electr\u00f3nico confirmando tu inscripci\u00f3n. Agradecemos tu paciencia mientras procesamos tu solicitud.<\/p>\n<p data-start=\"413\" data-end=\"473\" data-is-last-node=\"\">* La solicitud de baja se puede realizar en cualquier momento.<\/p>\n<h3 style=\"text-align: center;\">Muchas gracias por tu inter\u00e9s en AUS<\/h3>\n<\/div><\/div><div class=\"w-tabs style_default switch_click accordion has_scrolling\" style=\"--sections-title-size:inherit\"><div class=\"w-tabs-sections titles-align_none icon_chevron cpos_right\"><div class=\"w-tabs-section\" id=\"d2b4\" style=\"background:#d4d4d4;\"><button class=\"w-tabs-section-header\" aria-controls=\"content-d2b4\" aria-expanded=\"false\"><div class=\"w-tabs-section-title\">M\u00e1s informaci\u00f3n<\/div><div class=\"w-tabs-section-control\"><\/div><\/button><div  class=\"w-tabs-section-content\" id=\"content-d2b4\"><div class=\"w-tabs-section-content-h i-cf\"><div class=\"wpb_text_column\"><div class=\"wpb_wrapper\"><p data-start=\"46\" data-end=\"149\">Los socios numerarios y socios colaboradores (es necesario adjuntar copia del DNI) <strong>menores de 30 a\u00f1os est\u00e1n exentos de la cuota anual.<\/strong><br data-start=\"134\" data-end=\"137\" \/>La cuota anual es de <strong>40 \u20ac<\/strong> para los <strong>socios numerarios y colaboradores.<\/strong><br data-start=\"206\" data-end=\"209\" \/>La cuota anual es de <strong>80 \u20ac<\/strong> para los <strong>socios part\u00edcipes.<\/strong><\/p>\n<p data-start=\"46\" data-end=\"149\">La Agrupaci\u00f3n estar\u00e1 compuesta por miembros numerarios, miembros colaboradores y miembros part\u00edcipes.<\/p>\n<p data-start=\"151\" data-end=\"633\"><strong data-start=\"151\" data-end=\"187\">Ser\u00e1n miembros NUMERARIOS de AUS<\/strong>\u00a0todos aquellos arquitectos que deseen formar parte y cumplan los siguientes requisitos:<br data-start=\"275\" data-end=\"278\" \/>a. Ser arquitectos colegiados en el COAC.<br data-start=\"319\" data-end=\"322\" \/>b. No haber sido sancionados por faltas deontol\u00f3gicas, ni por sanci\u00f3n administrativa o penal que conlleve la inhabilitaci\u00f3n para el ejercicio de la profesi\u00f3n, salvo en caso de rehabilitaci\u00f3n o cancelaci\u00f3n de la sanci\u00f3n.<br data-start=\"541\" data-end=\"544\" \/>c. Estar al corriente en el cumplimiento de las obligaciones econ\u00f3micas frente al COAC.<\/p>\n<p data-start=\"635\" data-end=\"965\"><strong data-start=\"635\" data-end=\"674\">Ser\u00e1n miembros COLABORADORES de AUS<\/strong>\u00a0todos aquellos arquitectos no colegiados, otros profesionales y estudiantes que desarrollen sus actividades profesionales o de formaci\u00f3n en el campo de la arquitectura o la sostenibilidad, que deseen formar parte y sean presentados a la Junta Directiva por dos miembros numerarios de AUS.<\/p>\n<p data-start=\"967\" data-end=\"1387\" data-is-last-node=\"\" data-is-only-node=\"\"><strong data-start=\"967\" data-end=\"996\">Ser\u00e1n miembros PART\u00cdCIPES<\/strong> todas aquellas personas f\u00edsicas o jur\u00eddicas que, por sus aportaciones a AUS, puedan merecer esta condici\u00f3n. Estos miembros ser\u00e1n nombrados por la Asamblea General, a propuesta motivada de la Junta Directiva, y tendr\u00e1n derecho a asistencia y voz en las asambleas, as\u00ed como a ejercer todas las funciones que la Junta y la Asamblea les otorguen, excepto las de representaci\u00f3n de la Agrupaci\u00f3n.<\/p>\n<\/div><\/div><\/div><\/div><\/div><\/div><\/div><\/div><\/div><\/div><\/div><\/section>\n","protected":false},"excerpt":{"rendered":"Hazte miembro Si compartes nuestra visi\u00f3n sobre la arquitectura y tienes inter\u00e9s en colaborar o participar activamente en nuestra agrupaci\u00f3n, te invitamos a unirte. Todas las personas que se identifiquen con nuestros intereses pueden integrarse en nuestro grupo, sin que sea necesario ser arquitecto\/a o estar colegiado\/a. DescuentosEN FORMACI\u00d3N, ENTRADAS A EVENTOS, JORNADAS, TALLERES. VisibilidadEN...","protected":false},"author":1,"featured_media":0,"parent":0,"menu_order":0,"comment_status":"closed","ping_status":"closed","template":"","meta":{"footnotes":""},"yoast_head":"<!-- This site is optimized with the Yoast SEO plugin v22.9 - https:\/\/yoast.com\/wordpress\/plugins\/seo\/ -->\n<title>Hazte miembro a la Associaci\u00f3 d&#039;Arquit\u00e8ctes | AUS Arquitectes<\/title>\n<meta name=\"description\" content=\"Si comparteixes la nostra visi\u00f3 sobre l&#039;arquitectura i tens inter\u00e8s en col\u00b7laborar o participar en la nostra agrupaci\u00f3, t&#039;invitem a unir-te. Entra ara!\" \/>\n<meta name=\"robots\" content=\"index, follow, max-snippet:-1, max-image-preview:large, max-video-preview:-1\" \/>\n<link rel=\"canonical\" href=\"https:\/\/aus.arquitectes.cat\/es\/agrupat\/\" \/>\n<meta property=\"og:locale\" content=\"es_ES\" \/>\n<meta property=\"og:type\" content=\"article\" \/>\n<meta property=\"og:title\" content=\"Hazte miembro a la Associaci\u00f3 d&#039;Arquit\u00e8ctes | AUS Arquitectes\" \/>\n<meta property=\"og:description\" content=\"Si comparteixes la nostra visi\u00f3 sobre l&#039;arquitectura i tens inter\u00e8s en col\u00b7laborar o participar en la nostra agrupaci\u00f3, t&#039;invitem a unir-te. Entra ara!\" \/>\n<meta property=\"og:url\" content=\"https:\/\/aus.arquitectes.cat\/es\/agrupat\/\" \/>\n<meta property=\"og:site_name\" content=\"AUS Arquitectes\" \/>\n<meta property=\"article:modified_time\" content=\"2026-02-16T13:13:26+00:00\" \/>\n<meta name=\"twitter:card\" content=\"summary_large_image\" \/>\n<meta name=\"twitter:label1\" content=\"Tiempo de lectura\" \/>\n\t<meta name=\"twitter:data1\" content=\"4 minutos\" \/>\n<script type=\"application\/ld+json\" class=\"yoast-schema-graph\">{\"@context\":\"https:\/\/schema.org\",\"@graph\":[{\"@type\":\"WebPage\",\"@id\":\"https:\/\/aus.arquitectes.cat\/es\/agrupat\/\",\"url\":\"https:\/\/aus.arquitectes.cat\/es\/agrupat\/\",\"name\":\"Hazte miembro a la Associaci\u00f3 d'Arquit\u00e8ctes | AUS Arquitectes\",\"isPartOf\":{\"@id\":\"https:\/\/aus.arquitectes.cat\/#website\"},\"datePublished\":\"2023-08-26T13:28:07+00:00\",\"dateModified\":\"2026-02-16T13:13:26+00:00\",\"description\":\"Si comparteixes la nostra visi\u00f3 sobre l'arquitectura i tens inter\u00e8s en col\u00b7laborar o participar en la nostra agrupaci\u00f3, t'invitem a unir-te. Entra ara!\",\"breadcrumb\":{\"@id\":\"https:\/\/aus.arquitectes.cat\/es\/agrupat\/#breadcrumb\"},\"inLanguage\":\"es\",\"potentialAction\":[{\"@type\":\"ReadAction\",\"target\":[\"https:\/\/aus.arquitectes.cat\/es\/agrupat\/\"]}]},{\"@type\":\"BreadcrumbList\",\"@id\":\"https:\/\/aus.arquitectes.cat\/es\/agrupat\/#breadcrumb\",\"itemListElement\":[{\"@type\":\"ListItem\",\"position\":1,\"name\":\"Portada\",\"item\":\"https:\/\/aus.arquitectes.cat\/es\/\"},{\"@type\":\"ListItem\",\"position\":2,\"name\":\"Hazte miembro\"}]},{\"@type\":\"WebSite\",\"@id\":\"https:\/\/aus.arquitectes.cat\/#website\",\"url\":\"https:\/\/aus.arquitectes.cat\/\",\"name\":\"AUS Arquitectes\",\"description\":\"\",\"potentialAction\":[{\"@type\":\"SearchAction\",\"target\":{\"@type\":\"EntryPoint\",\"urlTemplate\":\"https:\/\/aus.arquitectes.cat\/?s={search_term_string}\"},\"query-input\":\"required name=search_term_string\"}],\"inLanguage\":\"es\"}]}<\/script>\n<!-- \/ Yoast SEO plugin. -->","yoast_head_json":{"title":"Hazte miembro a la Associaci\u00f3 d'Arquit\u00e8ctes | AUS Arquitectes","description":"Si comparteixes la nostra visi\u00f3 sobre l'arquitectura i tens inter\u00e8s en col\u00b7laborar o participar en la nostra agrupaci\u00f3, t'invitem a unir-te. Entra ara!","robots":{"index":"index","follow":"follow","max-snippet":"max-snippet:-1","max-image-preview":"max-image-preview:large","max-video-preview":"max-video-preview:-1"},"canonical":"https:\/\/aus.arquitectes.cat\/es\/agrupat\/","og_locale":"es_ES","og_type":"article","og_title":"Hazte miembro a la Associaci\u00f3 d'Arquit\u00e8ctes | AUS Arquitectes","og_description":"Si comparteixes la nostra visi\u00f3 sobre l'arquitectura i tens inter\u00e8s en col\u00b7laborar o participar en la nostra agrupaci\u00f3, t'invitem a unir-te. Entra ara!","og_url":"https:\/\/aus.arquitectes.cat\/es\/agrupat\/","og_site_name":"AUS Arquitectes","article_modified_time":"2026-02-16T13:13:26+00:00","twitter_card":"summary_large_image","twitter_misc":{"Tiempo de lectura":"4 minutos"},"schema":{"@context":"https:\/\/schema.org","@graph":[{"@type":"WebPage","@id":"https:\/\/aus.arquitectes.cat\/es\/agrupat\/","url":"https:\/\/aus.arquitectes.cat\/es\/agrupat\/","name":"Hazte miembro a la Associaci\u00f3 d'Arquit\u00e8ctes | AUS Arquitectes","isPartOf":{"@id":"https:\/\/aus.arquitectes.cat\/#website"},"datePublished":"2023-08-26T13:28:07+00:00","dateModified":"2026-02-16T13:13:26+00:00","description":"Si comparteixes la nostra visi\u00f3 sobre l'arquitectura i tens inter\u00e8s en col\u00b7laborar o participar en la nostra agrupaci\u00f3, t'invitem a unir-te. Entra ara!","breadcrumb":{"@id":"https:\/\/aus.arquitectes.cat\/es\/agrupat\/#breadcrumb"},"inLanguage":"es","potentialAction":[{"@type":"ReadAction","target":["https:\/\/aus.arquitectes.cat\/es\/agrupat\/"]}]},{"@type":"BreadcrumbList","@id":"https:\/\/aus.arquitectes.cat\/es\/agrupat\/#breadcrumb","itemListElement":[{"@type":"ListItem","position":1,"name":"Portada","item":"https:\/\/aus.arquitectes.cat\/es\/"},{"@type":"ListItem","position":2,"name":"Hazte miembro"}]},{"@type":"WebSite","@id":"https:\/\/aus.arquitectes.cat\/#website","url":"https:\/\/aus.arquitectes.cat\/","name":"AUS Arquitectes","description":"","potentialAction":[{"@type":"SearchAction","target":{"@type":"EntryPoint","urlTemplate":"https:\/\/aus.arquitectes.cat\/?s={search_term_string}"},"query-input":"required name=search_term_string"}],"inLanguage":"es"}]}},"_links":{"self":[{"href":"https:\/\/aus.arquitectes.cat\/es\/wp-json\/wp\/v2\/pages\/12628"}],"collection":[{"href":"https:\/\/aus.arquitectes.cat\/es\/wp-json\/wp\/v2\/pages"}],"about":[{"href":"https:\/\/aus.arquitectes.cat\/es\/wp-json\/wp\/v2\/types\/page"}],"author":[{"embeddable":true,"href":"https:\/\/aus.arquitectes.cat\/es\/wp-json\/wp\/v2\/users\/1"}],"replies":[{"embeddable":true,"href":"https:\/\/aus.arquitectes.cat\/es\/wp-json\/wp\/v2\/comments?post=12628"}],"version-history":[{"count":6,"href":"https:\/\/aus.arquitectes.cat\/es\/wp-json\/wp\/v2\/pages\/12628\/revisions"}],"predecessor-version":[{"id":14800,"href":"https:\/\/aus.arquitectes.cat\/es\/wp-json\/wp\/v2\/pages\/12628\/revisions\/14800"}],"wp:attachment":[{"href":"https:\/\/aus.arquitectes.cat\/es\/wp-json\/wp\/v2\/media?parent=12628"}],"curies":[{"name":"wp","href":"https:\/\/api.w.org\/{rel}","templated":true}]}}