{"id":12630,"date":"2023-10-09T10:09:52","date_gmt":"2023-10-09T10:09:52","guid":{"rendered":"https:\/\/aus.tctprojects.com\/avis-legal\/"},"modified":"2023-10-26T10:36:14","modified_gmt":"2023-10-26T10:36:14","slug":"aviso-legal","status":"publish","type":"page","link":"https:\/\/aus.arquitectes.cat\/es\/aviso-legal\/","title":{"rendered":"Aviso legal"},"content":{"rendered":"<div class=\"columns\">\n<ol>\n<li><b> Objeto e informaci\u00f3n General<\/b><\/li>\n<\/ol>\n<p><span style=\"font-weight: 400;\">Lo presente Aviso Legal regula el acceso y uso de la p\u00e1gina web www.arquitectes.cat (desde ahora, \u201cla Web\u201d), que el Colegio de Arquitectos de Catalu\u00f1a (en lo sucesivo: \u00abCOAC\u00bb) pose a disposici\u00f3n de los usuarios (desde ahora lo\/los \u201cUsuario(s)\u201d), en su calidad de titular y gestor de la Web.<\/span><\/p>\n<p><span style=\"font-weight: 400;\">Los datos del COAC son las siguientes:<\/span><span style=\"font-weight: 400;\"><br \/>\n<\/span><span style=\"font-weight: 400;\">&#8211; Denominaci\u00f3n: Colegio de Arquitectos de Catalu\u00f1a.<\/span><span style=\"font-weight: 400;\"><br \/>\n<\/span><span style=\"font-weight: 400;\">&#8211; N.I.F.: Q0875010A<\/span><span style=\"font-weight: 400;\"><br \/>\n<\/span><span style=\"font-weight: 400;\">&#8211; Direcci\u00f3n: Plaza Nueva, n.\u00ba 5, CP 08002, Barcelona.<\/span><span style=\"font-weight: 400;\"><br \/>\n<\/span><span style=\"font-weight: 400;\">&#8211; Correo Electr\u00f3nico: coac@coac.cat<\/span><span style=\"font-weight: 400;\"><br \/>\n<\/span><span style=\"font-weight: 400;\">&#8211; Registro: Inscrito al Registro de Colegios Profesionales de la Generalitat de Catalu\u00f1a con el n\u00famero de inscripci\u00f3n: ARQ\/C-20.<\/span><span style=\"font-weight: 400;\"><br \/>\n<\/span><span style=\"font-weight: 400;\">Este Aviso Legal rige el acceso y uso de la Web. No obstante lo anterior, la utilizaci\u00f3n de espacios o servicios contenidos en la Web puede estar sujeta a otras condiciones de uso. En este caso, tendr\u00edan que cumplirse igualmente las condiciones que correspondan, las cuales se informar\u00e1n debidamente.<\/span><\/p>\n<p><span style=\"font-weight: 400;\">COAC se reserva el derecho de completar, modificar o sustituir el presente Aviso Legal en cualquier momento, as\u00ed como, cualesquier otra condici\u00f3n general o particular, entendi\u00e9ndose que la mera publicaci\u00f3n de los cambios a la Web tendr\u00e1 efectos de notificaci\u00f3n. Por eso, rogamos al Usuario que las lea atentamente las condiciones cada vez que acceda en el Portal, absteni\u00e9ndose de hacer uso de la Web si no est\u00e1 de acuerdo con cualquier de las condiciones establecidas.<\/span><\/p>\n<ol start=\"2\">\n<li><b> Derechos y obligaciones del Usuario<\/b><\/li>\n<\/ol>\n<p><span style=\"font-weight: 400;\">El acceso a la Web es responsabilidad exclusiva de los Usuarios, y supone aceptar y conocer las advertencias legales, condiciones y termas de uso vigentes en cada momento. Los usuarios tienen que leer atentamente el presente Aviso Legal siempre que accedan en la Web. La utilizaci\u00f3n de cualquier de los servicios ofrecidos atribuye, desde su comienzo, la condici\u00f3n de Usuario y ser\u00e1 considerada aceptaci\u00f3n expr\u00e9s, voluntaria y sin reservas de este Aviso Legal.<\/span><\/p>\n<p><span style=\"font-weight: 400;\">Para el acceso a los servicios de la Web, en todo el que no tenga car\u00e1cter gratuito o imponga una serie de obligaciones, el Usuario tendr\u00e1 que ser mayor de edad y disponer de la capacidad legal y tener representaci\u00f3n necesaria para contratar.<\/span><\/p>\n<p><span style=\"font-weight: 400;\">El uso de los servicios ofrecidos a la Web implica que el Usuario ha aceptado cumplir con los requisitos de estos servicios y el Aviso Legal de la Web. El Usuario que accede en la Web se compromete a cumplir este Aviso Legal y el especial modo de empleo que se le muestren en cada momento. Aun as\u00ed, se compromete a obrar siempre conforme a la Ley, a las buenas costumbres y con buena fe, empleando la diligencia adecuada a la naturaleza del servicio que se trate.<\/span><\/p>\n<p><span style=\"font-weight: 400;\">As\u00ed, el Usuario no podr\u00e1 efectuar modificaci\u00f3n ni alteraci\u00f3n en los\u00a0 contenidos de la Web, exceptuando los datos que el Usuario haya introducido, ni podr\u00e1 perjudicar de ninguna forma su integridad o funcionamiento. El COAC podr\u00e1 suprimir o suspender el acceso en la Web al Usuario que haya incumplido cualquiera de las obligaciones expresadas en este Aviso Legal.<\/span><\/p>\n<p><span style=\"font-weight: 400;\">El Usuario que incumpla voluntariamente cualquiera de las obligaciones establecidas responder\u00e1 de todos los da\u00f1os y perjuicios que, como consecuencia de los mismos, cause al COAC.<\/span><\/p>\n<ol start=\"3\">\n<li><b> Exclusi\u00f3n de Responsabilidad<\/b><\/li>\n<\/ol>\n<p><span style=\"font-weight: 400;\">Lo COAC se reserva el derecho a interrumpir el acceso en el Web, as\u00ed como la prestaci\u00f3n de cualquier o de todos los Servicios que se prestan a trav\u00e9s del mismo en cualquier momento y sin previo aviso, ya sea por motivos t\u00e9cnicos, de seguridad, de control, de mantenimiento, por fallos de suministro el\u00e9ctrico o por cualquier otra causa.<\/span><\/p>\n<p><span style=\"font-weight: 400;\">El COAC no se responsabiliza de las decisiones tomadas a partir de la informaci\u00f3n suministrada en la Web, ni de los da\u00f1os y perjuicios producidos en el Usuario derivados de esta informaci\u00f3n.<\/span><\/p>\n<p><span style=\"font-weight: 400;\">El COAC no se responsabiliza de los da\u00f1os y perjuicios de cualquier tipos producidos al Usuario derivados de errores en la conexi\u00f3n en las redes de telecomunicaciones que produzcan la suspensi\u00f3n, cancelaci\u00f3n o interrupci\u00f3n del Servicio de la Web o por causas de fuerza mayor.<\/span><\/p>\n<ol start=\"4\">\n<li><b> Propiedad Intelectual e industrial.<\/b><\/li>\n<\/ol>\n<p><span style=\"font-weight: 400;\">Todos los contenidos, marcas, dise\u00f1os, logotipos, iconos, software, nombres comerciales, nombres de dominio y cualquier otro signo o elemento susceptible de protecci\u00f3n por derechos de propiedad intelectual o industrial que formen parte de la Web son propiedad del COAC o de dominio p\u00fablico o de terceros que han autorizado debidamente su inclusi\u00f3n en la misma y que figuran como autores o titulares de los derechos.<\/span><\/p>\n<p><span style=\"font-weight: 400;\">En ning\u00fan caso se entender\u00e1 que se concede licencia alguna o se efect\u00faa renuncia, transmisi\u00f3n, cesi\u00f3n total o parcial de estos derechos, ni se confiere ning\u00fan derecho, y especialmente, de explotaci\u00f3n, reproducci\u00f3n, distribuci\u00f3n, transformaci\u00f3n o comunicaci\u00f3n p\u00fablica sobre estos contenidos sin la previa autorizaci\u00f3n expr\u00e9s y por escrito del COAC o de los terceros correspondientes.<\/span><\/p>\n<p><span style=\"font-weight: 400;\">Las violaciones de cualquier de los derechos de propiedad intelectual o industrial a los cuales se refiere este apartado ser\u00e1n perseguidas mediante las acciones penales y civiles contempladas en la legislaci\u00f3n vigente.<\/span><\/p>\n<ol start=\"5\">\n<li><b> Hiperv\u00ednculos<\/b><\/li>\n<\/ol>\n<p><span style=\"font-weight: 400;\">Los Usuarios y, en general, aquellas personas que se propongan establecer un hiperv\u00ednculo entre su p\u00e1gina web y la web del COAC tendr\u00edan que contar con la autorizaci\u00f3n expr\u00e9s del COAC y cumplir las siguientes condiciones :<\/span><\/p>\n<p><span style=\"font-weight: 400;\">&#8211; El hiperv\u00ednculo \u00fanicamente permitir\u00e1 el acceso en la p\u00e1gina de inicio de la Web, o al instante concreto que autorice lo COAC;<\/span><span style=\"font-weight: 400;\"><br \/>\n<\/span><span style=\"font-weight: 400;\">&#8211; No se crear\u00e1 un frame sobre las p\u00e1ginas web de la Web del COAC<\/span><span style=\"font-weight: 400;\"><br \/>\n<\/span><span style=\"font-weight: 400;\">&#8211; No se realizar\u00e1n manifestaciones o indicaciones falsas, inexactas o incorrectas sobre el COAC, sus directivos, personas y sus productos y\/o servicios<\/span><span style=\"font-weight: 400;\"><br \/>\n<\/span><span style=\"font-weight: 400;\">&#8211; No se declarar\u00e1 ni se dar\u00e1 a entender que el COAC ha autorizado el hiperv\u00ednculo o que ha supervisado o asumido de cualquier forma los servicios ofrecidos o ademanes a disposici\u00f3n de la p\u00e1gina web en la cual se establece la hipervincle. Excepci\u00f3n hecha de aquellos que formen parte del mismo hiperv\u00ednculo,<\/span><span style=\"font-weight: 400;\"><br \/>\n<\/span><span style=\"font-weight: 400;\">&#8211; La p\u00e1gina web en la cual se establezca la hiperv\u00ednculo no contendr\u00e1 ninguna marca, nombre comercial, letrero de establecimiento, denominaci\u00f3n, logotipo, eslogan u otros signos distintivos pertenecientes al COAC.<\/span><span style=\"font-weight: 400;\"><br \/>\n<\/span><span style=\"font-weight: 400;\">&#8211; La p\u00e1gina web en la cual se establezca la hiperv\u00ednculo no contendr\u00e1 informaciones o contenidos il\u00edcitos, contrarios en la moral y a las buenas costumbres generalmente aceptadas y al orden p\u00fablico, as\u00ed como tampoco contendr\u00e1 contenidos contrarios a cualesquier derechos de terceros.<\/span><span style=\"font-weight: 400;\"><br \/>\n<\/span><span style=\"font-weight: 400;\">&#8211; El establecimiento del hiperv\u00ednculo no implica en ning\u00fan caso la existencia de relaciones entre COAC y el propietario de la p\u00e1gina web en la cual se establezca, ni la aceptaci\u00f3n y aprobaci\u00f3n por parte de COAC de sus contenidos o servicios.<\/span><span style=\"font-weight: 400;\"><br \/>\n<\/span><span style=\"font-weight: 400;\">&#8211; Por \u00faltimo, queda prohibido el uso de recursos t\u00e9cnicos, l\u00f3gicos o tecnol\u00f3gicos en virtud de los cuales alguien, sea Usuario o no de la web, pueda beneficiarse, directa o indirectamente, con o sin lucro, de los contenidos de la web.<\/span><\/p>\n<ol start=\"6\">\n<li><b> \u00c1rea privada<\/b><\/li>\n<\/ol>\n<p><span style=\"font-weight: 400;\">El acceso en cualquier \u00e1rea privada de la Web es personal e intransferible y el usuario se compromete a velar por la confidencialidad de de sus credenciales.<\/span><\/p>\n<ol start=\"7\">\n<li><b> Foros<\/b><\/li>\n<\/ol>\n<p><span style=\"font-weight: 400;\">El usuario se compromete a utilizar los foros existentes y realizar comentarios que no sean contrarios a la ley, la moral, las buenas costumbres generalmente aceptadas y el orden p\u00fablico, o afectar a la dignidad de las personas.<\/span><\/p>\n<p><span style=\"font-weight: 400;\">El COAC no realiza un control previo de los comentarios de los Foros, no obstante se reserva el derecho de cancelar en cualquier momento y sin previo aviso la actividad de cualquier internauta o Usuario a la web que contravenga el estipulado en la presente cl\u00e1usula y Aviso Legal.<\/span><\/p>\n<ol start=\"8\">\n<li><b> Protecci\u00f3n de Datos<\/b><\/li>\n<\/ol>\n<p><span style=\"font-weight: 400;\">Lo COAC, cumple todos los requisitos establecidos por la normativa vigente en materia de protecci\u00f3n de datos personales, y todos los datos bajo nuestra responsabilidad, vienen siente tratadas de acuerdo con las exigencias legales. El detalle en relaci\u00f3n a protecci\u00f3n de datos lo encontrar\u00e1 a la Pol\u00edtica de Privacidad y, en caso necesario en las cl\u00e1usulas de protecci\u00f3n de datos que puedan existir en aquellos lugares de la Web donde se soliciten datos personales.<\/span><\/p>\n<ol start=\"9\">\n<li><b> Cookies<\/b><\/li>\n<\/ol>\n<p><span style=\"font-weight: 400;\">Lo COAC usa cookies para optimizar y mejorar el servicio de la p\u00e1gina web por el Usuario.<\/span><\/p>\n<p><span style=\"font-weight: 400;\">Puede consultar la Pol\u00edtica de Cookies<\/span><\/p>\n<p><strong>10. Ley Aplicable<\/strong><\/p>\n<p><span style=\"font-weight: 400;\">Lo presente Aviso Legal se rige por la ley espa\u00f1ola. Para los casos donde la normativa prev\u00e9 la posibilidad a las partes de someterse a un fuero, ambas partes, con renuncia expr\u00e9s de cualquier otro que los pogui corresponder, se someten a los Juzgados y Tribunales de la ciudad de Barcelona (Espa\u00f1a).<\/span><\/p>\n<\/div>\n","protected":false},"excerpt":{"rendered":"<p>Objeto e informaci\u00f3n General Lo presente Aviso Legal regula el acceso y uso de la p\u00e1gina web www.arquitectes.cat (desde ahora, \u201cla Web\u201d), que el Colegio de Arquitectos de Catalu\u00f1a (en lo sucesivo: \u00abCOAC\u00bb) pose a disposici\u00f3n de los usuarios (desde ahora lo\/los \u201cUsuario(s)\u201d), en su calidad de titular y gestor de la Web. Los datos&#8230;<\/p>\n","protected":false},"author":1,"featured_media":0,"parent":0,"menu_order":0,"comment_status":"closed","ping_status":"closed","template":"","meta":{"footnotes":""},"yoast_head":"<!-- This site is optimized with the Yoast SEO plugin v22.9 - https:\/\/yoast.com\/wordpress\/plugins\/seo\/ -->\n<title>Aviso legal | AUS Arquitectes<\/title>\n<meta name=\"description\" content=\"El Aviso Legal regula el acceso y uso de la p\u00e1gina web, que el COAC pone a disposici\u00f3n de los usuarios, en su calidad de titular y gestor de la Web.\" \/>\n<meta name=\"robots\" content=\"index, follow, max-snippet:-1, max-image-preview:large, max-video-preview:-1\" \/>\n<link rel=\"canonical\" href=\"https:\/\/aus.arquitectes.cat\/avis-legal\/\" \/>\n<meta property=\"og:locale\" content=\"es_ES\" \/>\n<meta property=\"og:type\" content=\"article\" \/>\n<meta property=\"og:title\" content=\"Aviso legal | AUS Arquitectes\" \/>\n<meta property=\"og:description\" content=\"El Aviso Legal regula el acceso y uso de la p\u00e1gina web, que el COAC pone a disposici\u00f3n de los usuarios, en su calidad de titular y gestor de la Web.\" \/>\n<meta property=\"og:url\" content=\"https:\/\/aus.arquitectes.cat\/avis-legal\/\" \/>\n<meta property=\"og:site_name\" content=\"AUS Arquitectes\" \/>\n<meta property=\"article:modified_time\" content=\"2023-10-26T10:36:14+00:00\" \/>\n<meta name=\"twitter:card\" content=\"summary_large_image\" \/>\n<meta name=\"twitter:label1\" content=\"Tiempo de lectura\" \/>\n\t<meta name=\"twitter:data1\" content=\"8 minutos\" \/>\n<script type=\"application\/ld+json\" class=\"yoast-schema-graph\">{\"@context\":\"https:\/\/schema.org\",\"@graph\":[{\"@type\":\"WebPage\",\"@id\":\"https:\/\/aus.arquitectes.cat\/avis-legal\/\",\"url\":\"https:\/\/aus.arquitectes.cat\/avis-legal\/\",\"name\":\"Aviso legal | AUS Arquitectes\",\"isPartOf\":{\"@id\":\"https:\/\/aus.arquitectes.cat\/#website\"},\"datePublished\":\"2023-10-09T10:09:52+00:00\",\"dateModified\":\"2023-10-26T10:36:14+00:00\",\"description\":\"El Aviso Legal regula el acceso y uso de la p\u00e1gina web, que el COAC pone a disposici\u00f3n de los usuarios, en su calidad de titular y gestor de la Web.\",\"breadcrumb\":{\"@id\":\"https:\/\/aus.arquitectes.cat\/avis-legal\/#breadcrumb\"},\"inLanguage\":\"es\",\"potentialAction\":[{\"@type\":\"ReadAction\",\"target\":[\"https:\/\/aus.arquitectes.cat\/avis-legal\/\"]}]},{\"@type\":\"BreadcrumbList\",\"@id\":\"https:\/\/aus.arquitectes.cat\/avis-legal\/#breadcrumb\",\"itemListElement\":[{\"@type\":\"ListItem\",\"position\":1,\"name\":\"Portada\",\"item\":\"https:\/\/aus.arquitectes.cat\/es\/\"},{\"@type\":\"ListItem\",\"position\":2,\"name\":\"Aviso legal\"}]},{\"@type\":\"WebSite\",\"@id\":\"https:\/\/aus.arquitectes.cat\/#website\",\"url\":\"https:\/\/aus.arquitectes.cat\/\",\"name\":\"AUS Arquitectes\",\"description\":\"\",\"potentialAction\":[{\"@type\":\"SearchAction\",\"target\":{\"@type\":\"EntryPoint\",\"urlTemplate\":\"https:\/\/aus.arquitectes.cat\/?s={search_term_string}\"},\"query-input\":\"required name=search_term_string\"}],\"inLanguage\":\"es\"}]}<\/script>\n<!-- \/ Yoast SEO plugin. -->","yoast_head_json":{"title":"Aviso legal | AUS Arquitectes","description":"El Aviso Legal regula el acceso y uso de la p\u00e1gina web, que el COAC pone a disposici\u00f3n de los usuarios, en su calidad de titular y gestor de la Web.","robots":{"index":"index","follow":"follow","max-snippet":"max-snippet:-1","max-image-preview":"max-image-preview:large","max-video-preview":"max-video-preview:-1"},"canonical":"https:\/\/aus.arquitectes.cat\/avis-legal\/","og_locale":"es_ES","og_type":"article","og_title":"Aviso legal | AUS Arquitectes","og_description":"El Aviso Legal regula el acceso y uso de la p\u00e1gina web, que el COAC pone a disposici\u00f3n de los usuarios, en su calidad de titular y gestor de la Web.","og_url":"https:\/\/aus.arquitectes.cat\/avis-legal\/","og_site_name":"AUS Arquitectes","article_modified_time":"2023-10-26T10:36:14+00:00","twitter_card":"summary_large_image","twitter_misc":{"Tiempo de lectura":"8 minutos"},"schema":{"@context":"https:\/\/schema.org","@graph":[{"@type":"WebPage","@id":"https:\/\/aus.arquitectes.cat\/avis-legal\/","url":"https:\/\/aus.arquitectes.cat\/avis-legal\/","name":"Aviso legal | AUS Arquitectes","isPartOf":{"@id":"https:\/\/aus.arquitectes.cat\/#website"},"datePublished":"2023-10-09T10:09:52+00:00","dateModified":"2023-10-26T10:36:14+00:00","description":"El Aviso Legal regula el acceso y uso de la p\u00e1gina web, que el COAC pone a disposici\u00f3n de los usuarios, en su calidad de titular y gestor de la Web.","breadcrumb":{"@id":"https:\/\/aus.arquitectes.cat\/avis-legal\/#breadcrumb"},"inLanguage":"es","potentialAction":[{"@type":"ReadAction","target":["https:\/\/aus.arquitectes.cat\/avis-legal\/"]}]},{"@type":"BreadcrumbList","@id":"https:\/\/aus.arquitectes.cat\/avis-legal\/#breadcrumb","itemListElement":[{"@type":"ListItem","position":1,"name":"Portada","item":"https:\/\/aus.arquitectes.cat\/es\/"},{"@type":"ListItem","position":2,"name":"Aviso legal"}]},{"@type":"WebSite","@id":"https:\/\/aus.arquitectes.cat\/#website","url":"https:\/\/aus.arquitectes.cat\/","name":"AUS Arquitectes","description":"","potentialAction":[{"@type":"SearchAction","target":{"@type":"EntryPoint","urlTemplate":"https:\/\/aus.arquitectes.cat\/?s={search_term_string}"},"query-input":"required name=search_term_string"}],"inLanguage":"es"}]}},"_links":{"self":[{"href":"https:\/\/aus.arquitectes.cat\/es\/wp-json\/wp\/v2\/pages\/12630"}],"collection":[{"href":"https:\/\/aus.arquitectes.cat\/es\/wp-json\/wp\/v2\/pages"}],"about":[{"href":"https:\/\/aus.arquitectes.cat\/es\/wp-json\/wp\/v2\/types\/page"}],"author":[{"embeddable":true,"href":"https:\/\/aus.arquitectes.cat\/es\/wp-json\/wp\/v2\/users\/1"}],"replies":[{"embeddable":true,"href":"https:\/\/aus.arquitectes.cat\/es\/wp-json\/wp\/v2\/comments?post=12630"}],"version-history":[{"count":2,"href":"https:\/\/aus.arquitectes.cat\/es\/wp-json\/wp\/v2\/pages\/12630\/revisions"}],"predecessor-version":[{"id":12634,"href":"https:\/\/aus.arquitectes.cat\/es\/wp-json\/wp\/v2\/pages\/12630\/revisions\/12634"}],"wp:attachment":[{"href":"https:\/\/aus.arquitectes.cat\/es\/wp-json\/wp\/v2\/media?parent=12630"}],"curies":[{"name":"wp","href":"https:\/\/api.w.org\/{rel}","templated":true}]}}