{"id":12632,"date":"2023-08-26T13:36:34","date_gmt":"2023-08-26T13:36:34","guid":{"rendered":"https:\/\/aus.tctprojects.com\/grups-de-treball\/"},"modified":"2024-03-25T09:17:09","modified_gmt":"2024-03-25T09:17:09","slug":"grupos-de-trabajo","status":"publish","type":"page","link":"https:\/\/aus.arquitectes.cat\/es\/grupos-de-trabajo\/","title":{"rendered":"Grupos de trabajo"},"content":{"rendered":"<section class=\"l-section wpb_row height_auto width_full\" id=\"grups_treball\"><div class=\"l-section-h i-cf\"><div class=\"g-cols vc_row via_grid cols_3 laptops-cols_inherit tablets-cols_inherit mobiles-cols_1 valign_top type_default stacking_default\" style=\"grid-gap:0rem;\"><div class=\"wpb_column vc_column_container us_custom_89a917f4 has-link\"><div class=\"vc_column-inner\"><a class=\"w-flipbox animation_cardflip direction_w\" href=\"https:\/\/aus.arquitectes.cat\/es\/grupos-de-trabajo\/gt1\/\"><div class=\"w-flipbox-h easing_ease\" style=\"transition-duration:0.5s;\"><div class=\"w-flipbox-hh\"><div class=\"w-flipbox-front us_custom_3492e13e\" style=\"background:#86aa84;color:#ffffff;\"><div class=\"w-flipbox-front-h\"><p class=\"w-flipbox-front-title\" style=\"font-size:80px;\">GT1<\/p><\/div><\/div><div class=\"w-flipbox-back us_custom_3492e13e\" style=\"display:none;background:#6454eb;color:#ffffff;\"><div class=\"w-flipbox-back-h\"><h4 class=\"w-flipbox-back-title\">Materiales descarbonitzados: tierra, paja y ca\u00f1a<\/h4><\/div><\/div><\/div><\/div><\/a><\/div><a href=\"https:\/\/aus.arquitectes.cat\/es\/grupos-de-trabajo\/gt1\/\" class=\"vc_column-link smooth-scroll\" aria-label=\"Enlace\"><\/a><\/div><div class=\"wpb_column vc_column_container us_custom_89a917f4\"><div class=\"vc_column-overlay\" style=\"background:#ffffff\"><\/div><div class=\"vc_column-inner\"><a class=\"w-flipbox animation_cardflip direction_w\" href=\"\/grups-de-treball\/gt2\/\"><div class=\"w-flipbox-h easing_ease\" style=\"transition-duration:0.5s;\"><div class=\"w-flipbox-hh\"><div class=\"w-flipbox-front us_custom_3492e13e\" style=\"background:#ffffff;color:#86aa84;\"><div class=\"w-flipbox-front-h\"><p class=\"w-flipbox-front-title\" style=\"font-size:80px;\">GT2<\/p><\/div><\/div><div class=\"w-flipbox-back us_custom_3492e13e\" style=\"display:none;background:#f0e79c;color:#1a1a1a;\"><div class=\"w-flipbox-back-h\"><h4 class=\"w-flipbox-back-title\">Huella de carbono de los materiales<\/h4><\/div><\/div><\/div><\/div><\/a><\/div><\/div><div class=\"wpb_column vc_column_container us_custom_89a917f4\"><div class=\"vc_column-inner\"><a class=\"w-flipbox animation_cardflip direction_w\" href=\"\/grups-de-treball\/gt3\/\"><div class=\"w-flipbox-h easing_ease\" style=\"transition-duration:0.5s;\"><div class=\"w-flipbox-hh\"><div class=\"w-flipbox-front us_custom_3492e13e\" style=\"background:#86aa84;color:#ffffff;\"><div class=\"w-flipbox-front-h\"><p class=\"w-flipbox-front-title\" style=\"font-size:80px;\">GT3<\/p><\/div><\/div><div class=\"w-flipbox-back us_custom_3492e13e\" style=\"display:none;background:#f23d20;color:#ffffff;\"><div class=\"w-flipbox-back-h\"><h4 class=\"w-flipbox-back-title\">Rehabilitaci\u00f3n y regeneraci\u00f3n urbana<\/h4><\/div><\/div><\/div><\/div><\/a><\/div><\/div><\/div><\/div><\/section><section class=\"l-section wpb_row height_auto width_full\" id=\"grups_treball\"><div class=\"l-section-h i-cf\"><div class=\"g-cols vc_row via_grid cols_3 laptops-cols_inherit tablets-cols_inherit mobiles-cols_1 valign_top type_default stacking_default\" style=\"grid-gap:0rem;\"><div class=\"wpb_column vc_column_container us_custom_89a917f4\"><div class=\"vc_column-inner\"><a class=\"w-flipbox animation_cardflip direction_w\" href=\"\/grups-de-treball\/gt4\/\"><div class=\"w-flipbox-h easing_ease\" style=\"transition-duration:0.5s;\"><div class=\"w-flipbox-hh\"><div class=\"w-flipbox-front us_custom_3492e13e\" style=\"background:#ffffff;color:#86aa84;\"><div class=\"w-flipbox-front-h\"><p class=\"w-flipbox-front-title\" style=\"font-size:80px;\">GT4<\/p><\/div><\/div><div class=\"w-flipbox-back us_custom_3492e13e\" style=\"display:none;background:#f23d20;color:#ffffff;\"><div class=\"w-flipbox-back-h\"><h4 class=\"w-flipbox-back-title\">Agendas globales<\/h4><\/div><\/div><\/div><\/div><\/a><\/div><\/div><div class=\"wpb_column vc_column_container us_custom_89a917f4\"><div class=\"vc_column-overlay\" style=\"background:#ffffff\"><\/div><div class=\"vc_column-inner\"><a class=\"w-flipbox animation_cardflip direction_w\" href=\"\/grups-de-treball\/gt5\/\"><div class=\"w-flipbox-h easing_ease\" style=\"transition-duration:0.5s;\"><div class=\"w-flipbox-hh\"><div class=\"w-flipbox-front us_custom_3492e13e\" style=\"background:#86aa84;color:#ffffff;\"><div class=\"w-flipbox-front-h\"><p class=\"w-flipbox-front-title\" style=\"font-size:80px;\">GT5<\/p><\/div><\/div><div class=\"w-flipbox-back us_custom_3492e13e\" style=\"display:none;background:#6454eb;color:#ffffff;\"><div class=\"w-flipbox-back-h\"><h4 class=\"w-flipbox-back-title\">Salud<\/h4><\/div><\/div><\/div><\/div><\/a><\/div><\/div><div class=\"wpb_column vc_column_container us_custom_89a917f4\"><div class=\"vc_column-inner\"><a class=\"w-flipbox animation_cardflip direction_w\" href=\"\/grups-de-treball\/gt6\/\"><div class=\"w-flipbox-h easing_ease\" style=\"transition-duration:0.5s;\"><div class=\"w-flipbox-hh\"><div class=\"w-flipbox-front us_custom_3492e13e\" style=\"background:#ffffff;color:#86aa84;\"><div class=\"w-flipbox-front-h\"><p class=\"w-flipbox-front-title\" style=\"font-size:80px;\">GT<\/p><\/div><\/div><div class=\"w-flipbox-back us_custom_3492e13e\" style=\"display:none;background:#f0e79c;color:#1a1a1a;\"><div class=\"w-flipbox-back-h\"><h4 class=\"w-flipbox-back-title\">El Club<\/h4><\/div><\/div><\/div><\/div><\/a><\/div><\/div><\/div><\/div><\/section>\n","protected":false},"excerpt":{"rendered":"GT1Materiales descarbonitzados: tierra, paja y ca\u00f1aGT2Huella de carbono de los materialesGT3Rehabilitaci\u00f3n y regeneraci\u00f3n urbanaGT4Agendas globalesGT5SaludGTEl Club","protected":false},"author":1,"featured_media":0,"parent":0,"menu_order":0,"comment_status":"closed","ping_status":"closed","template":"","meta":{"footnotes":""},"yoast_head":"<!-- This site is optimized with the Yoast SEO plugin v22.9 - https:\/\/yoast.com\/wordpress\/plugins\/seo\/ -->\n<title>Grupos de trabajo | AUS Arquitectes<\/title>\n<meta name=\"description\" content=\"Descubre nuestros 5 grupos de trabajo de arquitectura sostenible. \u00a1Cada iniciativa desarrollar\u00e1 una tarea de investigaci\u00f3n, an\u00e1lisis y puesta en com\u00fan!\" \/>\n<meta name=\"robots\" content=\"index, follow, max-snippet:-1, max-image-preview:large, max-video-preview:-1\" \/>\n<link rel=\"canonical\" href=\"https:\/\/aus.arquitectes.cat\/es\/grupos-de-trabajo\/\" \/>\n<meta property=\"og:locale\" content=\"es_ES\" \/>\n<meta property=\"og:type\" content=\"article\" \/>\n<meta property=\"og:title\" content=\"Grupos de trabajo | AUS Arquitectes\" \/>\n<meta property=\"og:description\" content=\"Descubre nuestros 5 grupos de trabajo de arquitectura sostenible. \u00a1Cada iniciativa desarrollar\u00e1 una tarea de investigaci\u00f3n, an\u00e1lisis y puesta en com\u00fan!\" \/>\n<meta property=\"og:url\" content=\"https:\/\/aus.arquitectes.cat\/es\/grupos-de-trabajo\/\" \/>\n<meta property=\"og:site_name\" content=\"AUS Arquitectes\" \/>\n<meta property=\"article:modified_time\" content=\"2024-03-25T09:17:09+00:00\" \/>\n<meta name=\"twitter:card\" content=\"summary_large_image\" \/>\n<meta name=\"twitter:label1\" content=\"Tiempo de lectura\" \/>\n\t<meta name=\"twitter:data1\" content=\"1 minuto\" \/>\n<script type=\"application\/ld+json\" class=\"yoast-schema-graph\">{\"@context\":\"https:\/\/schema.org\",\"@graph\":[{\"@type\":\"WebPage\",\"@id\":\"https:\/\/aus.arquitectes.cat\/es\/grupos-de-trabajo\/\",\"url\":\"https:\/\/aus.arquitectes.cat\/es\/grupos-de-trabajo\/\",\"name\":\"Grupos de trabajo | AUS Arquitectes\",\"isPartOf\":{\"@id\":\"https:\/\/aus.arquitectes.cat\/#website\"},\"datePublished\":\"2023-08-26T13:36:34+00:00\",\"dateModified\":\"2024-03-25T09:17:09+00:00\",\"description\":\"Descubre nuestros 5 grupos de trabajo de arquitectura sostenible. \u00a1Cada iniciativa desarrollar\u00e1 una tarea de investigaci\u00f3n, an\u00e1lisis y puesta en com\u00fan!\",\"breadcrumb\":{\"@id\":\"https:\/\/aus.arquitectes.cat\/es\/grupos-de-trabajo\/#breadcrumb\"},\"inLanguage\":\"es\",\"potentialAction\":[{\"@type\":\"ReadAction\",\"target\":[\"https:\/\/aus.arquitectes.cat\/es\/grupos-de-trabajo\/\"]}]},{\"@type\":\"BreadcrumbList\",\"@id\":\"https:\/\/aus.arquitectes.cat\/es\/grupos-de-trabajo\/#breadcrumb\",\"itemListElement\":[{\"@type\":\"ListItem\",\"position\":1,\"name\":\"Portada\",\"item\":\"https:\/\/aus.arquitectes.cat\/es\/\"},{\"@type\":\"ListItem\",\"position\":2,\"name\":\"Grupos de trabajo\"}]},{\"@type\":\"WebSite\",\"@id\":\"https:\/\/aus.arquitectes.cat\/#website\",\"url\":\"https:\/\/aus.arquitectes.cat\/\",\"name\":\"AUS Arquitectes\",\"description\":\"\",\"potentialAction\":[{\"@type\":\"SearchAction\",\"target\":{\"@type\":\"EntryPoint\",\"urlTemplate\":\"https:\/\/aus.arquitectes.cat\/?s={search_term_string}\"},\"query-input\":\"required name=search_term_string\"}],\"inLanguage\":\"es\"}]}<\/script>\n<!-- \/ Yoast SEO plugin. -->","yoast_head_json":{"title":"Grupos de trabajo | AUS Arquitectes","description":"Descubre nuestros 5 grupos de trabajo de arquitectura sostenible. \u00a1Cada iniciativa desarrollar\u00e1 una tarea de investigaci\u00f3n, an\u00e1lisis y puesta en com\u00fan!","robots":{"index":"index","follow":"follow","max-snippet":"max-snippet:-1","max-image-preview":"max-image-preview:large","max-video-preview":"max-video-preview:-1"},"canonical":"https:\/\/aus.arquitectes.cat\/es\/grupos-de-trabajo\/","og_locale":"es_ES","og_type":"article","og_title":"Grupos de trabajo | AUS Arquitectes","og_description":"Descubre nuestros 5 grupos de trabajo de arquitectura sostenible. \u00a1Cada iniciativa desarrollar\u00e1 una tarea de investigaci\u00f3n, an\u00e1lisis y puesta en com\u00fan!","og_url":"https:\/\/aus.arquitectes.cat\/es\/grupos-de-trabajo\/","og_site_name":"AUS Arquitectes","article_modified_time":"2024-03-25T09:17:09+00:00","twitter_card":"summary_large_image","twitter_misc":{"Tiempo de lectura":"1 minuto"},"schema":{"@context":"https:\/\/schema.org","@graph":[{"@type":"WebPage","@id":"https:\/\/aus.arquitectes.cat\/es\/grupos-de-trabajo\/","url":"https:\/\/aus.arquitectes.cat\/es\/grupos-de-trabajo\/","name":"Grupos de trabajo | AUS Arquitectes","isPartOf":{"@id":"https:\/\/aus.arquitectes.cat\/#website"},"datePublished":"2023-08-26T13:36:34+00:00","dateModified":"2024-03-25T09:17:09+00:00","description":"Descubre nuestros 5 grupos de trabajo de arquitectura sostenible. \u00a1Cada iniciativa desarrollar\u00e1 una tarea de investigaci\u00f3n, an\u00e1lisis y puesta en com\u00fan!","breadcrumb":{"@id":"https:\/\/aus.arquitectes.cat\/es\/grupos-de-trabajo\/#breadcrumb"},"inLanguage":"es","potentialAction":[{"@type":"ReadAction","target":["https:\/\/aus.arquitectes.cat\/es\/grupos-de-trabajo\/"]}]},{"@type":"BreadcrumbList","@id":"https:\/\/aus.arquitectes.cat\/es\/grupos-de-trabajo\/#breadcrumb","itemListElement":[{"@type":"ListItem","position":1,"name":"Portada","item":"https:\/\/aus.arquitectes.cat\/es\/"},{"@type":"ListItem","position":2,"name":"Grupos de trabajo"}]},{"@type":"WebSite","@id":"https:\/\/aus.arquitectes.cat\/#website","url":"https:\/\/aus.arquitectes.cat\/","name":"AUS Arquitectes","description":"","potentialAction":[{"@type":"SearchAction","target":{"@type":"EntryPoint","urlTemplate":"https:\/\/aus.arquitectes.cat\/?s={search_term_string}"},"query-input":"required name=search_term_string"}],"inLanguage":"es"}]}},"_links":{"self":[{"href":"https:\/\/aus.arquitectes.cat\/es\/wp-json\/wp\/v2\/pages\/12632"}],"collection":[{"href":"https:\/\/aus.arquitectes.cat\/es\/wp-json\/wp\/v2\/pages"}],"about":[{"href":"https:\/\/aus.arquitectes.cat\/es\/wp-json\/wp\/v2\/types\/page"}],"author":[{"embeddable":true,"href":"https:\/\/aus.arquitectes.cat\/es\/wp-json\/wp\/v2\/users\/1"}],"replies":[{"embeddable":true,"href":"https:\/\/aus.arquitectes.cat\/es\/wp-json\/wp\/v2\/comments?post=12632"}],"version-history":[{"count":2,"href":"https:\/\/aus.arquitectes.cat\/es\/wp-json\/wp\/v2\/pages\/12632\/revisions"}],"predecessor-version":[{"id":13345,"href":"https:\/\/aus.arquitectes.cat\/es\/wp-json\/wp\/v2\/pages\/12632\/revisions\/13345"}],"wp:attachment":[{"href":"https:\/\/aus.arquitectes.cat\/es\/wp-json\/wp\/v2\/media?parent=12632"}],"curies":[{"name":"wp","href":"https:\/\/api.w.org\/{rel}","templated":true}]}}