{"id":12651,"date":"2023-10-09T10:10:03","date_gmt":"2023-10-09T10:10:03","guid":{"rendered":"https:\/\/aus.tctprojects.com\/politica-de-cookies\/"},"modified":"2023-10-26T11:47:18","modified_gmt":"2023-10-26T11:47:18","slug":"politica-de-cookies","status":"publish","type":"page","link":"https:\/\/aus.arquitectes.cat\/es\/politica-de-cookies\/","title":{"rendered":"Pol\u00edtica de cookies"},"content":{"rendered":"<div class=\"columns\">\n<div class=\"columns\">\n<p>En el COAC utilizamos cookies con el objetivo de prestar un mejor servicio y procurar una mejor experiencia en la navegaci\u00f3n de cada Usuario en el sitio web. Con este fin, a continuaci\u00f3n, informamos al Usuario de manera clara y precisa sobre qu\u00e9 es una cookie, para qu\u00e9 sirve, cu\u00e1les son sus finalidades y c\u00f3mo configurarlas o inhabilitarlas si as\u00ed lo desea.<\/p>\n<p><strong>1.1 \u00bfQu\u00e9 es una\u00a0cookie?<br \/>\n<\/strong><br \/>\nUna cookie es un archivo que se almacena en el ordenador del Usuario, el smartphone o cualquier otro tipo de dispositivo con informaci\u00f3n sobre la navegaci\u00f3n. El conjunto de cookies ayuda a mejorar la calidad de la p\u00e1gina web, pues permite controlar qu\u00e9 p\u00e1ginas son \u00fatiles, cu\u00e1les no y cu\u00e1les son susceptibles de mejora. Las cookies son esenciales para el funcionamiento de internet, aportan ventajas en la prestaci\u00f3n de servicios interactivos y facilitan la navegaci\u00f3n y la usabilidad de cada p\u00e1gina web. Las cookies no son perjudiciales para los equipos en ning\u00fan caso, sino que ayudan, entre otras cosas, a identificar y resolver los errores que se producen en ella.<\/p>\n<p><strong>1.2.\u00a0\u00bfQu\u00e9 tipos de cookies existen?<\/strong><\/p>\n<p>Seg\u00fan la entidad que las gestiona:<\/p>\n<p><strong>Cookies propias:<\/strong>\u00a0son aquellas que se env\u00edan al equipo terminal del Usuario desde un equipo o dominio gestionado por el COAC y desde el que se presta el servicio o se facilita la informaci\u00f3n solicitada por el Usuario.<\/p>\n<p><strong>Cookies de terceros:<\/strong>\u00a0son aquellas que se env\u00edan al equipo terminal del Usuario desde un equipo o dominio que no es gestionado por el COAC, sino por otra entidad que trata los datos obtenidos mediante las cookies (redes sociales, buscadores, etc.). En el caso de que las cookies se instalen desde un equipo o dominio gestionado por el COAC, pero la informaci\u00f3n que se recoja mediante estas sea gestionada por un tercero, no pueden ser consideradas como cookies propias.<\/p>\n<p>Seg\u00fan el plazo de tiempo que permanecen activas:<br \/>\n<strong><br \/>\nCookies de sesi\u00f3n:<\/strong>\u00a0son un tipo de cookies dise\u00f1adas para solicitar y almacenar datos mientras el Usuario accede a una p\u00e1gina web. Se suelen emplear para almacenar informaci\u00f3n que solo interesa conservar para la prestaci\u00f3n del servicio solicitado por el Usuario en una sola ocasi\u00f3n. A la larga, estas cookies permiten proporcionar una mejor experiencia al mejorar el contenido y facilitar el uso de la p\u00e1gina web en cuesti\u00f3n.<\/p>\n<p><strong>Cookies persistentes:<\/strong>\u00a0son un tipo de cookies en las que los datos siguen almacenados en el terminal, a las que el responsable de la cookie puede acceder y que puede tratar durante un periodo definido de tiempo.<\/p>\n<p>Seg\u00fan su finalidad:<\/p>\n<p><strong>Cookies t\u00e9cnicas:<\/strong>\u00a0son aquellas que permiten al Usuario la navegaci\u00f3n a trav\u00e9s de una p\u00e1gina web, plataforma o aplicaci\u00f3n y la utilizaci\u00f3n de las diferentes opciones o servicios que en ella haya, como, por ejemplo, controlar el tr\u00e1fico y la comunicaci\u00f3n de datos, identificar la sesi\u00f3n o acceder a partes de acceso restringido.<\/p>\n<p><strong>Cookies de personalizaci\u00f3n:<\/strong>\u00a0son aquellas que permiten al Usuario acceder al servicio con algunas caracter\u00edsticas generales predefinidas en funci\u00f3n de una serie de criterios en el terminal del Usuario, como ser\u00edan el idioma, el tipo de navegador mediante el que se accede al servicio, la configuraci\u00f3n regional desde donde se accede, etc.<\/p>\n<p><strong>Cookies de an\u00e1lisis:<\/strong>\u00a0son aquellas que permiten a su responsable realizar el seguimiento y an\u00e1lisis del comportamiento de los Usuarios de los sitios web a los que est\u00e1n vinculadas. La informaci\u00f3n recogida mediante este tipo de cookies se utiliza para medir la actividad de la p\u00e1gina web, aplicaci\u00f3n o plataforma y para la elaboraci\u00f3n de perfiles de navegaci\u00f3n de los Usuarios de estos sitios, aplicaciones y plataformas, para introducir mejoras en funci\u00f3n del an\u00e1lisis de los datos de uso de los Usuarios del servicio.<\/p>\n<p><strong>Cookies publicitarias:<\/strong>\u00a0son aquellas que permiten la gesti\u00f3n, de la forma m\u00e1s eficaz posible, de los espacios publicitarios que, en su caso, el COAC haya incluido en la p\u00e1gina web, aplicaci\u00f3n o plataforma desde la que presta el servicio solicitado, seg\u00fan criterios como el contenido editado o la frecuencia con que se muestran los anuncios.<\/p>\n<p><strong>Cookies de publicidad de comportamiento:<\/strong>\u00a0son aquellas que permiten la gesti\u00f3n, de la forma m\u00e1s eficaz posible, de los espacios publicitarios que, en su caso, el COAC haya incluido en una p\u00e1gina web, aplicaci\u00f3n o plataforma desde la que presta el servicio solicitado. Estas cookies almacenan informaci\u00f3n del comportamiento de los Usuarios obtenida a trav\u00e9s de la observaci\u00f3n continuada de sus h\u00e1bitos de navegaci\u00f3n, lo que permite desarrollar un perfil espec\u00edfico para mostrar publicidad en funci\u00f3n del mismo.<\/p>\n<\/div>\n<div class=\"columnsOne\">\n<p>&nbsp;<\/p>\n<p><strong>3.\u00a0Relaci\u00f3n de cookies utilizadas en nuestro sitio web<\/strong><\/p>\n<\/div>\n<div class=\"columnsOne\"><strong>\u00a0\u00a0<\/strong><strong>a)\u202f\u202f\u202f\u00a0Cookies\u00a0propias\u00a0<\/strong><\/div>\n<div class=\"columnsOne\">\n<table border=\"1\" data-tablestyle=\"Custom\" data-tablelook=\"0\">\n<tbody>\n<tr>\n<td width=\"116\" data-celllook=\"273\"><strong>Nombre<\/strong><\/td>\n<td align=\"left\" width=\"225\" data-celllook=\"273\"><strong>Temporalidad<\/strong><\/td>\n<td width=\"1449\" data-celllook=\"273\"><strong>Finalidad<\/strong><\/td>\n<\/tr>\n<tr>\n<td width=\"116\" data-celllook=\"0\"><strong>_unam\u00a0<\/strong><\/td>\n<td align=\"left\" width=\"225\" data-celllook=\"0\">Persistente<br \/>\n(30 minutos)<\/td>\n<td data-celllook=\"0\">An\u00e1lisis. Esta cookie registra la hora en la que el Usuario accede a la p\u00e1gina web.<\/td>\n<\/tr>\n<tr>\n<td width=\"116\" data-celllook=\"0\"><strong>_utma\u00a0<\/strong><\/td>\n<td align=\"left\" width=\"225\" data-celllook=\"0\">Persistente\u00a0(2 a\u00f1os)<\/td>\n<td data-celllook=\"0\">An\u00e1lisis. Esta cookie mantiene un registro del n\u00famero de veces que un Usuario ha estado en un lugar, es decir, cu\u00e1ndo fue su primera visita y cu\u00e1ndo se produjo su \u00faltima visita.<\/td>\n<\/tr>\n<tr>\n<td width=\"116\" data-celllook=\"0\"><strong>_utmc\u00a0<\/strong><\/td>\n<td align=\"left\" width=\"225\" data-celllook=\"0\">Sesi\u00f3n<\/td>\n<td data-celllook=\"0\">An\u00e1lisis. Esta cookie ayuda a calcular el tiempo que dura la visita de un Usuario almacenando el momento en que sale de la p\u00e1gina web.<\/td>\n<\/tr>\n<tr>\n<td width=\"116\" data-celllook=\"0\"><strong>_utmz\u00a0<\/strong><\/td>\n<td align=\"left\" width=\"225\" data-celllook=\"0\">Persistente\u00a0(6 meses)<\/td>\n<td data-celllook=\"0\">An\u00e1lisis. Esta cookie mantiene un seguimiento de d\u00f3nde proviene el visitante, qu\u00e9 motor de b\u00fasqueda se utiliza, en qu\u00e9 enlace ha hecho clic, qu\u00e9 palabras clave ha utilizado y desde qu\u00e9 lugar del mundo accede a la p\u00e1gina.<\/td>\n<\/tr>\n<tr>\n<td width=\"116\" data-celllook=\"0\"><strong>cookie-agreed\u00a0<\/strong><\/td>\n<td align=\"left\" width=\"225\" data-celllook=\"0\">Persistente\u00a0(2 a\u00f1os)<\/td>\n<td data-celllook=\"0\">Recoge la aceptaci\u00f3n de cookies por parte del Usuario.<\/td>\n<\/tr>\n<tr>\n<td width=\"116\" data-celllook=\"0\"><strong>has-js\u00a0<\/strong><\/td>\n<td align=\"left\" width=\"225\" data-celllook=\"0\">Sesi\u00f3n<\/td>\n<td data-celllook=\"0\">Cookie utilizada en la plataforma, recoge cu\u00e1ndo tiene habilitado JavaScript el navegador.<\/td>\n<\/tr>\n<tr>\n<td width=\"116\" data-celllook=\"0\"><strong>_gat\u00a0<\/strong><\/td>\n<td align=\"left\" width=\"225\" data-celllook=\"0\">Google\u00a0Analytics<\/td>\n<td data-celllook=\"0\">Utilizada por Google Analytics. Se utiliza para diferenciar entre los distintos objetos de seguimiento creados en la sesi\u00f3n.<\/td>\n<\/tr>\n<tr>\n<td width=\"116\" data-celllook=\"0\"><strong>_ga\u00a0<\/strong><\/td>\n<td align=\"left\" width=\"225\" data-celllook=\"0\">Google\u00a0Analytics<\/td>\n<td data-celllook=\"0\">Utilizada por Google Analytics. Se utiliza para identificar a cada cliente \u00fanico.<\/td>\n<\/tr>\n<tr>\n<td width=\"116\" data-celllook=\"0\"><strong>_gid\u00a0<\/strong><\/td>\n<td align=\"left\" width=\"225\" data-celllook=\"0\">Google\u00a0Analytics<\/td>\n<td data-celllook=\"0\">Utilizada por Google Analytics.\u00a0 Se utiliza para distinguir a los Usuarios.<\/td>\n<\/tr>\n<tr>\n<td width=\"116\" data-celllook=\"0\"><strong>euconsent\u00a0<\/strong><\/td>\n<td align=\"left\" width=\"225\" data-celllook=\"0\">Consensu.org<\/td>\n<td data-celllook=\"0\">Cookie que registra la aceptaci\u00f3n del aviso de cookies.<\/td>\n<\/tr>\n<\/tbody>\n<\/table>\n<\/div>\n<div class=\"columnsOne\">\n<p><strong>b<\/strong><strong>)\u202f\u202f\u202f\u00a0Cookies\u00a0de\u00a0terceros\u00a0<\/strong><\/p>\n<table border=\"1\" data-tablestyle=\"Custom\" data-tablelook=\"0\">\n<tbody>\n<tr>\n<td width=\"116\" data-celllook=\"273\"><strong>Nombre<\/strong><\/td>\n<td width=\"94\" data-celllook=\"273\"><strong>Tercero<\/strong><\/td>\n<td width=\"128\" data-celllook=\"273\"><strong>Temporalidad<\/strong><\/td>\n<td width=\"1446\" data-celllook=\"273\"><strong>Finalidad<\/strong><\/td>\n<\/tr>\n<tr>\n<td width=\"116\" data-celllook=\"0\"><strong>DSID\u00a0<\/strong><\/td>\n<td align=\"left\" width=\"94\" data-celllook=\"0\">Doubleclick.net<\/td>\n<td width=\"128\" data-celllook=\"0\">Persistente<\/td>\n<td data-celllook=\"0\">Son cookies de publicidad que se utilizan para mejorar su calidad. Habitualmente se utilizan para orientar la publicidad de acuerdo con los contenidos que son relevantes para el Usuario, mejorando as\u00ed los informes de rendimiento de la campa\u00f1a publicitaria y evitando mostrar anuncios que el Usuario ya ha visto. Para m\u00e1s informaci\u00f3n, v\u00e9ase:<\/p>\n<p><a href=\"https:\/\/policies.google.com\/technologies\/types?hl=es\" target=\"_blank\" rel=\"noopener noreferrer\">https:\/\/policies.google.com\/technologies\/types?hl=es<\/a><\/td>\n<\/tr>\n<tr>\n<td width=\"116\" data-celllook=\"0\"><strong>id\u00a0<\/strong><\/td>\n<td align=\"left\" width=\"94\" data-celllook=\"0\">Doubleclick.net<\/td>\n<td width=\"128\" data-celllook=\"0\">Persistente<\/td>\n<td data-celllook=\"0\">Es una cookie que sirve para identificar al Usuario. Para m\u00e1s informaci\u00f3n, v\u00e9ase:<\/p>\n<p><a href=\"https:\/\/policies.google.com\/technologies\/types?hl=es\" target=\"_blank\" rel=\"noopener noreferrer\">https:\/\/policies.google.com\/technologies\/types?hl=es<\/a><\/td>\n<\/tr>\n<tr>\n<td width=\"116\" data-celllook=\"0\"><strong>stid\u00a0<\/strong><\/td>\n<td align=\"left\" width=\"94\" data-celllook=\"0\">ShareThis<\/td>\n<td width=\"128\" data-celllook=\"0\">Persistente<\/td>\n<td data-celllook=\"0\">Es una cookie de ShareThis que sirve para identificar la sesi\u00f3n del Usuario. Para m\u00e1s informaci\u00f3n, v\u00e9ase:<\/p>\n<p><a href=\"https:\/\/www.sharethis.com\/es\/privacy\/#website\" target=\"_blank\" rel=\"noopener noreferrer\">https:\/\/www.sharethis.com\/es\/privacy\/#website<\/a><\/td>\n<\/tr>\n<tr>\n<td width=\"116\" data-celllook=\"0\"><strong>pxcelBcnLcy\u00a0<\/strong><\/td>\n<td align=\"left\" width=\"94\" data-celllook=\"0\">ShareThis<\/td>\n<td width=\"128\" data-celllook=\"0\">Persistente<\/td>\n<td data-celllook=\"0\">Es una cookie de ShareThis para compartir f\u00e1cilmente el contenido de la p\u00e1gina web en las redes sociales. Para m\u00e1s informaci\u00f3n, v\u00e9ase:<\/p>\n<p><a href=\"https:\/\/www.sharethis.com\/es\/privacy\/#website\" target=\"_blank\" rel=\"noopener noreferrer\">https:\/\/www.sharethis.com\/es\/privacy\/#website<\/a><\/td>\n<\/tr>\n<tr>\n<td width=\"116\" data-celllook=\"0\"><strong>pxcelPage_c010\u00a0<\/strong><\/td>\n<td align=\"left\" width=\"94\" data-celllook=\"0\">ShareThis<\/td>\n<td width=\"128\" data-celllook=\"0\">Persistente<\/td>\n<td data-celllook=\"0\">Es una cookie de ShareThis para compartir f\u00e1cilmente el contenido de la p\u00e1gina web en las redes sociales. Para m\u00e1s informaci\u00f3n, v\u00e9ase:<\/p>\n<p><a href=\"https:\/\/www.sharethis.com\/es\/privacy\/#website\" target=\"_blank\" rel=\"noopener noreferrer\">https:\/\/www.sharethis.com\/es\/privacy\/#website<\/a><\/td>\n<\/tr>\n<tr>\n<td width=\"116\" data-celllook=\"0\"><strong>_fbp\u00a0<\/strong><\/td>\n<td align=\"left\" width=\"94\" data-celllook=\"0\">Facebook<\/td>\n<td width=\"128\" data-celllook=\"0\">Temporal<br \/>\n(1 d\u00eda)<\/td>\n<td data-celllook=\"0\">Utilizada por Facebook para ofrecer una serie de productos publicitarios, tales como la licitaci\u00f3n en tiempo real de anunciantes de terceros. Para m\u00e1s informaci\u00f3n, v\u00e9ase:<\/p>\n<p><a href=\"https:\/\/es-la.facebook.com\/policies\/cookies\/\" target=\"_blank\" rel=\"noopener noreferrer\">https:\/\/es-la.facebook.com\/policies\/cookies\/<\/a><\/td>\n<\/tr>\n<\/tbody>\n<\/table>\n<\/div>\n<div class=\"columns\"><strong>3.\u00a0\u00bfC\u00f3mo puedes configurar o desactivar tus cookies?<br \/>\n<\/strong><br \/>\nCada Usuario puede permitir, bloquear o eliminar las cookies instaladas en su equipo mediante la configuraci\u00f3n de las opciones del navegador de internet. En caso de que el Usuario no permita la instalaci\u00f3n de cookies en su navegador, es posible que entonces no pueda acceder a algunos de los servicios y que su experiencia en el sitio web del COAC pueda resultar menos satisfactoria.A continuaci\u00f3n detallamos el procedimiento a seguir para configurar o desactivar las cookies seg\u00fan el navegador utilizado:<\/p>\n<p>\u2022\u00a0Configuraci\u00f3n para Internet Explorer\u00a0<a href=\"http:\/\/windows.microsoft.com\/es-es\/windows-vista\/block-or-allow-cookies\" target=\"_blank\" rel=\"noopener\">aqu\u00ed<\/a><br \/>\n\u2022\u00a0Configuraci\u00f3n para Firefox\u00a0<a href=\"https:\/\/support.mozilla.org\/es\/kb\/habilitar-y-deshabilitar-cookies-que-los-sitios-we\" target=\"_blank\" rel=\"noopener\">aqu\u00ed<\/a><br \/>\n\u2022\u00a0Configuraci\u00f3n para Safari\u00a0<a href=\"http:\/\/support.apple.com\/es-es\/HT1677\" target=\"_blank\" rel=\"noopener\">aqu\u00ed<\/a><br \/>\n\u2022\u00a0Configuraci\u00f3n para Chrome\u00a0<a href=\"https:\/\/support.google.com\/chrome\/answer\/95647?hl=ca\" target=\"_blank\" rel=\"noopener\">aqu\u00ed<\/a><\/p>\n<\/div>\n<\/div>\n<div class=\"columns\"><\/div>\n","protected":false},"excerpt":{"rendered":"<p>En el COAC utilizamos cookies con el objetivo de prestar un mejor servicio y procurar una mejor experiencia en la navegaci\u00f3n de cada Usuario en el sitio web. Con este fin, a continuaci\u00f3n, informamos al Usuario de manera clara y precisa sobre qu\u00e9 es una cookie, para qu\u00e9 sirve, cu\u00e1les son sus finalidades y c\u00f3mo&#8230;<\/p>\n","protected":false},"author":1,"featured_media":0,"parent":0,"menu_order":0,"comment_status":"closed","ping_status":"closed","template":"","meta":{"footnotes":""},"yoast_head":"<!-- This site is optimized with the Yoast SEO plugin v22.9 - https:\/\/yoast.com\/wordpress\/plugins\/seo\/ -->\n<title>Pol\u00edtica de cookies | AUS Arquitectes<\/title>\n<meta name=\"description\" content=\"En el COAC utilizamos cookies con el objetivo de prestar un mejor servicio y procurar una mejor experiencia en la navegaci\u00f3n de cada Usuario en la web.\" \/>\n<meta name=\"robots\" content=\"index, follow, max-snippet:-1, max-image-preview:large, max-video-preview:-1\" \/>\n<link rel=\"canonical\" href=\"https:\/\/aus.arquitectes.cat\/politica-de-cookies\/\" \/>\n<meta property=\"og:locale\" content=\"es_ES\" \/>\n<meta property=\"og:type\" content=\"article\" \/>\n<meta property=\"og:title\" content=\"Pol\u00edtica de cookies | AUS Arquitectes\" \/>\n<meta property=\"og:description\" content=\"En el COAC utilizamos cookies con el objetivo de prestar un mejor servicio y procurar una mejor experiencia en la navegaci\u00f3n de cada Usuario en la web.\" \/>\n<meta property=\"og:url\" content=\"https:\/\/aus.arquitectes.cat\/politica-de-cookies\/\" \/>\n<meta property=\"og:site_name\" content=\"AUS Arquitectes\" \/>\n<meta property=\"article:modified_time\" content=\"2023-10-26T11:47:18+00:00\" \/>\n<meta name=\"twitter:card\" content=\"summary_large_image\" \/>\n<meta name=\"twitter:label1\" content=\"Tiempo de lectura\" \/>\n\t<meta name=\"twitter:data1\" content=\"7 minutos\" \/>\n<script type=\"application\/ld+json\" class=\"yoast-schema-graph\">{\"@context\":\"https:\/\/schema.org\",\"@graph\":[{\"@type\":\"WebPage\",\"@id\":\"https:\/\/aus.arquitectes.cat\/politica-de-cookies\/\",\"url\":\"https:\/\/aus.arquitectes.cat\/politica-de-cookies\/\",\"name\":\"Pol\u00edtica de cookies | AUS Arquitectes\",\"isPartOf\":{\"@id\":\"https:\/\/aus.arquitectes.cat\/#website\"},\"datePublished\":\"2023-10-09T10:10:03+00:00\",\"dateModified\":\"2023-10-26T11:47:18+00:00\",\"description\":\"En el COAC utilizamos cookies con el objetivo de prestar un mejor servicio y procurar una mejor experiencia en la navegaci\u00f3n de cada Usuario en la web.\",\"breadcrumb\":{\"@id\":\"https:\/\/aus.arquitectes.cat\/politica-de-cookies\/#breadcrumb\"},\"inLanguage\":\"es\",\"potentialAction\":[{\"@type\":\"ReadAction\",\"target\":[\"https:\/\/aus.arquitectes.cat\/politica-de-cookies\/\"]}]},{\"@type\":\"BreadcrumbList\",\"@id\":\"https:\/\/aus.arquitectes.cat\/politica-de-cookies\/#breadcrumb\",\"itemListElement\":[{\"@type\":\"ListItem\",\"position\":1,\"name\":\"Portada\",\"item\":\"https:\/\/aus.arquitectes.cat\/es\/\"},{\"@type\":\"ListItem\",\"position\":2,\"name\":\"Pol\u00edtica de cookies\"}]},{\"@type\":\"WebSite\",\"@id\":\"https:\/\/aus.arquitectes.cat\/#website\",\"url\":\"https:\/\/aus.arquitectes.cat\/\",\"name\":\"AUS Arquitectes\",\"description\":\"\",\"potentialAction\":[{\"@type\":\"SearchAction\",\"target\":{\"@type\":\"EntryPoint\",\"urlTemplate\":\"https:\/\/aus.arquitectes.cat\/?s={search_term_string}\"},\"query-input\":\"required name=search_term_string\"}],\"inLanguage\":\"es\"}]}<\/script>\n<!-- \/ Yoast SEO plugin. -->","yoast_head_json":{"title":"Pol\u00edtica de cookies | AUS Arquitectes","description":"En el COAC utilizamos cookies con el objetivo de prestar un mejor servicio y procurar una mejor experiencia en la navegaci\u00f3n de cada Usuario en la web.","robots":{"index":"index","follow":"follow","max-snippet":"max-snippet:-1","max-image-preview":"max-image-preview:large","max-video-preview":"max-video-preview:-1"},"canonical":"https:\/\/aus.arquitectes.cat\/politica-de-cookies\/","og_locale":"es_ES","og_type":"article","og_title":"Pol\u00edtica de cookies | AUS Arquitectes","og_description":"En el COAC utilizamos cookies con el objetivo de prestar un mejor servicio y procurar una mejor experiencia en la navegaci\u00f3n de cada Usuario en la web.","og_url":"https:\/\/aus.arquitectes.cat\/politica-de-cookies\/","og_site_name":"AUS Arquitectes","article_modified_time":"2023-10-26T11:47:18+00:00","twitter_card":"summary_large_image","twitter_misc":{"Tiempo de lectura":"7 minutos"},"schema":{"@context":"https:\/\/schema.org","@graph":[{"@type":"WebPage","@id":"https:\/\/aus.arquitectes.cat\/politica-de-cookies\/","url":"https:\/\/aus.arquitectes.cat\/politica-de-cookies\/","name":"Pol\u00edtica de cookies | AUS Arquitectes","isPartOf":{"@id":"https:\/\/aus.arquitectes.cat\/#website"},"datePublished":"2023-10-09T10:10:03+00:00","dateModified":"2023-10-26T11:47:18+00:00","description":"En el COAC utilizamos cookies con el objetivo de prestar un mejor servicio y procurar una mejor experiencia en la navegaci\u00f3n de cada Usuario en la web.","breadcrumb":{"@id":"https:\/\/aus.arquitectes.cat\/politica-de-cookies\/#breadcrumb"},"inLanguage":"es","potentialAction":[{"@type":"ReadAction","target":["https:\/\/aus.arquitectes.cat\/politica-de-cookies\/"]}]},{"@type":"BreadcrumbList","@id":"https:\/\/aus.arquitectes.cat\/politica-de-cookies\/#breadcrumb","itemListElement":[{"@type":"ListItem","position":1,"name":"Portada","item":"https:\/\/aus.arquitectes.cat\/es\/"},{"@type":"ListItem","position":2,"name":"Pol\u00edtica de cookies"}]},{"@type":"WebSite","@id":"https:\/\/aus.arquitectes.cat\/#website","url":"https:\/\/aus.arquitectes.cat\/","name":"AUS Arquitectes","description":"","potentialAction":[{"@type":"SearchAction","target":{"@type":"EntryPoint","urlTemplate":"https:\/\/aus.arquitectes.cat\/?s={search_term_string}"},"query-input":"required name=search_term_string"}],"inLanguage":"es"}]}},"_links":{"self":[{"href":"https:\/\/aus.arquitectes.cat\/es\/wp-json\/wp\/v2\/pages\/12651"}],"collection":[{"href":"https:\/\/aus.arquitectes.cat\/es\/wp-json\/wp\/v2\/pages"}],"about":[{"href":"https:\/\/aus.arquitectes.cat\/es\/wp-json\/wp\/v2\/types\/page"}],"author":[{"embeddable":true,"href":"https:\/\/aus.arquitectes.cat\/es\/wp-json\/wp\/v2\/users\/1"}],"replies":[{"embeddable":true,"href":"https:\/\/aus.arquitectes.cat\/es\/wp-json\/wp\/v2\/comments?post=12651"}],"version-history":[{"count":3,"href":"https:\/\/aus.arquitectes.cat\/es\/wp-json\/wp\/v2\/pages\/12651\/revisions"}],"predecessor-version":[{"id":12710,"href":"https:\/\/aus.arquitectes.cat\/es\/wp-json\/wp\/v2\/pages\/12651\/revisions\/12710"}],"wp:attachment":[{"href":"https:\/\/aus.arquitectes.cat\/es\/wp-json\/wp\/v2\/media?parent=12651"}],"curies":[{"name":"wp","href":"https:\/\/api.w.org\/{rel}","templated":true}]}}