{"id":14204,"date":"2025-08-13T11:07:53","date_gmt":"2025-08-13T11:07:53","guid":{"rendered":"https:\/\/aus.arquitectes.cat\/que-fem\/"},"modified":"2026-03-24T11:02:38","modified_gmt":"2026-03-24T11:02:38","slug":"que-fem","status":"publish","type":"page","link":"https:\/\/aus.arquitectes.cat\/es\/que-fem\/","title":{"rendered":"\u00bfQu\u00e9 hacemos?"},"content":{"rendered":"<section class=\"l-section wpb_row us_custom_d5bf8936 height_medium with_img\"><div class=\"l-section-img\" role=\"img\" data-img-width=\"2560\" data-img-height=\"1707\" style=\"background-image: url(https:\/\/aus.arquitectes.cat\/wp-content\/uploads\/2025\/08\/difusio-scaled.jpg);\"><\/div><div class=\"l-section-h i-cf\"><div class=\"g-cols vc_row via_grid cols_1 laptops-cols_inherit tablets-cols_inherit mobiles-cols_1 valign_top type_default stacking_default\"><div class=\"wpb_column vc_column_container us_custom_da13fa86\"><div class=\"vc_column-inner\"><ol class=\"g-breadcrumbs us_custom_6df4bc3a has_text_color separator_icon align_center hide_current\" role=\"navigation\" itemscope itemtype=\"http:\/\/schema.org\/BreadcrumbList\"><li class=\"g-breadcrumbs-item\">P\u00e1ginas<\/li><\/ol><div class=\"wpb_text_column us_custom_02859c20 has_text_color\"><div class=\"wpb_wrapper\"><p style=\"text-align: center;\">\u00bfQU\u00c9<br \/>\nHACEMOS?<\/p>\n<\/div><\/div><\/div><\/div><\/div><\/div><\/section><section class=\"l-section wpb_row height_medium width_custom\" style=\"--site-content-width:1060px;\"><div class=\"l-section-overlay\" style=\"background:#000000\"><\/div><div class=\"l-section-h i-cf\"><div class=\"g-cols vc_row via_grid cols_1 laptops-cols_inherit tablets-cols_inherit mobiles-cols_1 valign_top type_default stacking_default\"><div class=\"wpb_column vc_column_container\"><div class=\"vc_column-inner\"><div class=\"wpb_text_column us_custom_4baf033a has_text_color\"><div class=\"wpb_wrapper\"><p>AUS ARQUITECTOS<\/p>\n<\/div><\/div><div class=\"wpb_text_column us_custom_805467d5 has_text_color\"><div class=\"wpb_wrapper\"><article class=\"text-token-text-primary w-full focus:outline-none scroll-mt-&#091;calc(var(--header-height)+min(200px,max(70px,20svh)))&#093;\" dir=\"auto\" tabindex=\"-1\" data-turn-id=\"request-WEB:5191eb8e-40c4-465d-ad0a-e5b3c2d4c8e0-44\" data-testid=\"conversation-turn-90\" data-scroll-anchor=\"true\" data-turn=\"assistant\">\n<div class=\"text-base my-auto mx-auto pb-10 &#091;--thread-content-margin:--spacing(4)&#093; @&#091;37rem&#093;:&#091;--thread-content-margin:--spacing(6)&#093; @&#091;72rem&#093;:&#091;--thread-content-margin:--spacing(16)&#093; px-(--thread-content-margin)\">\n<div class=\"&#091;--thread-content-max-width:32rem&#093; @&#091;34rem&#093;:&#091;--thread-content-max-width:40rem&#093; @&#091;64rem&#093;:&#091;--thread-content-max-width:48rem&#093; mx-auto max-w-(--thread-content-max-width) flex-1 group\/turn-messages focus-visible:outline-hidden relative flex w-full min-w-0 flex-col agent-turn\" tabindex=\"-1\">\n<div class=\"flex max-w-full flex-col grow\">\n<div class=\"min-h-8 text-message relative flex w-full flex-col items-end gap-2 text-start break-words whitespace-normal &#091;.text-message+&amp;&#093;:mt-5\" dir=\"auto\" data-message-author-role=\"assistant\" data-message-id=\"ef79b581-d2e5-4f0b-b165-be72fd2ddae9\" data-message-model-slug=\"gpt-5-mini\">\n<div class=\"flex w-full flex-col gap-1 empty:hidden first:pt-&#091;3px&#093;\">\n<div class=\"markdown prose dark:prose-invert w-full break-words light markdown-new-styling\">\n<p style=\"text-align: center;\" data-start=\"66\" data-end=\"249\">Promovemos una arquitectura m\u00e1s sostenible, saludable y equitativa desde una perspectiva cr\u00edtica y constructiva, destacando la relaci\u00f3n entre arquitectura, sostenibilidad y salud.<\/p>\n<p style=\"text-align: center;\" data-start=\"251\" data-end=\"423\">Aspiramos a ser un referente t\u00e9cnico y social, fomentando espacios que mejoren la habitabilidad, reduzcan el impacto ambiental y potencien el bienestar de las personas.<\/p>\n<p style=\"text-align: center;\" data-start=\"425\" data-end=\"509\">Nuestra acci\u00f3n se centra en tres grandes ejes: incidencia, difusi\u00f3n y formaci\u00f3n.<\/p>\n<\/div>\n<\/div>\n<\/div>\n<\/div>\n<\/div>\n<\/div>\n<\/article>\n<div class=\"pointer-events-none h-px w-px\" aria-hidden=\"true\" data-edge=\"true\"><\/div>\n<\/div><\/div><\/div><\/div><\/div><\/div><\/section><section class=\"l-section wpb_row height_auto width_custom\" style=\"--site-content-width:1130px;\"><div class=\"l-section-h i-cf\"><div class=\"g-cols vc_row via_grid cols_2 laptops-cols_inherit tablets-cols_inherit mobiles-cols_1 valign_top type_default stacking_default\"><div class=\"wpb_column vc_column_container\"><div class=\"vc_column-inner\"><div class=\"w-image us_custom_3188818e align_none\"><div url class=\"w-image-h\"><img loading=\"lazy\" decoding=\"async\" width=\"1024\" height=\"675\" src=\"https:\/\/aus.arquitectes.cat\/wp-content\/uploads\/2025\/09\/12-1024x675.jpg\" class=\"attachment-large size-large\" alt=\"\" srcset=\"https:\/\/aus.arquitectes.cat\/wp-content\/uploads\/2025\/09\/12-1024x675.jpg 1024w, https:\/\/aus.arquitectes.cat\/wp-content\/uploads\/2025\/09\/12-300x198.jpg 300w\" sizes=\"(max-width: 1024px) 100vw, 1024px\" \/><\/div><\/div><\/div><\/div><div class=\"wpb_column vc_column_container\"><div class=\"vc_column-inner\"><div class=\"wpb_text_column us_custom_24906cc8 has_text_color\"><div class=\"wpb_wrapper\"><p>INCIDENCIA<\/p>\n<\/div><\/div><div class=\"wpb_text_column us_custom_1708e084\"><div class=\"wpb_wrapper\"><p data-start=\"0\" data-end=\"385\">Trabajamos para influir en las pol\u00edticas p\u00fablicas y en las pr\u00e1cticas profesionales, aportando conocimiento experto y criterio t\u00e9cnico en materia de sostenibilidad. Participamos en procesos legislativos, elaboramos informes, asesoramos a instituciones y promovemos la incorporaci\u00f3n de criterios ambientales y de salud en concursos, normativas y regulaciones urbanas y arquitect\u00f3nicas.<\/p>\n<p data-start=\"387\" data-end=\"544\" data-is-last-node=\"\" data-is-only-node=\"\">Nos posicionamos como interlocutores del COAC ante las administraciones y organizaciones para impulsar un cambio real hacia una arquitectura m\u00e1s responsable.<\/p>\n<\/div><\/div><\/div><\/div><\/div><\/div><\/section><section class=\"l-section wpb_row height_auto width_custom\" style=\"--site-content-width:1130px;\"><div class=\"l-section-h i-cf\"><div class=\"g-cols vc_row via_grid cols_2 laptops-cols_inherit tablets-cols_inherit mobiles-cols_1 valign_top type_default stacking_default\"><div class=\"wpb_column vc_column_container\"><div class=\"vc_column-inner\"><div class=\"w-image us_custom_3188818e align_none\"><div url class=\"w-image-h\"><img loading=\"lazy\" decoding=\"async\" width=\"1024\" height=\"683\" src=\"https:\/\/aus.arquitectes.cat\/wp-content\/uploads\/2025\/09\/4-1-1024x683.jpg\" class=\"attachment-large size-large\" alt=\"\" srcset=\"https:\/\/aus.arquitectes.cat\/wp-content\/uploads\/2025\/09\/4-1-1024x683.jpg 1024w, https:\/\/aus.arquitectes.cat\/wp-content\/uploads\/2025\/09\/4-1-300x200.jpg 300w, https:\/\/aus.arquitectes.cat\/wp-content\/uploads\/2025\/09\/4-1.jpg 1134w\" sizes=\"(max-width: 1024px) 100vw, 1024px\" \/><\/div><\/div><\/div><\/div><div class=\"wpb_column vc_column_container\"><div class=\"vc_column-inner\"><div class=\"wpb_text_column us_custom_24906cc8 has_text_color\"><div class=\"wpb_wrapper\"><p><span style=\"font-weight: 400;\">DIFUSI\u00d3N<\/span><\/p>\n<\/div><\/div><div class=\"wpb_text_column us_custom_1708e084\"><div class=\"wpb_wrapper\"><p data-start=\"0\" data-end=\"208\">Organizamos jornadas, exposiciones, congresos y debates para compartir conocimiento y fomentar la reflexi\u00f3n cr\u00edtica sobre el papel de la arquitectura ante los grandes retos ambientales, sociales y de salud.<\/p>\n<p data-start=\"210\" data-end=\"432\" data-is-last-node=\"\" data-is-only-node=\"\">Damos visibilidad a las buenas pr\u00e1cticas e impulsamos un relato inspirador y exigente. Actuamos como altavoz de la sostenibilidad dentro y fuera del sector, generando v\u00ednculos con profesionales, instituciones y ciudadan\u00eda.<\/p>\n<\/div><\/div><\/div><\/div><\/div><\/div><\/section><section class=\"l-section wpb_row height_auto width_custom\" style=\"--site-content-width:1130px;\"><div class=\"l-section-h i-cf\"><div class=\"g-cols vc_row via_grid cols_2 laptops-cols_inherit tablets-cols_inherit mobiles-cols_1 valign_top type_default stacking_default\"><div class=\"wpb_column vc_column_container\"><div class=\"vc_column-inner\"><div class=\"w-image us_custom_3188818e align_none\"><div url class=\"w-image-h\"><img loading=\"lazy\" decoding=\"async\" width=\"1000\" height=\"648\" src=\"https:\/\/aus.arquitectes.cat\/wp-content\/uploads\/2025\/09\/WhatsApp-Image-2025-09-25-at-09.53.49-1.jpeg\" class=\"attachment-large size-large\" alt=\"\" srcset=\"https:\/\/aus.arquitectes.cat\/wp-content\/uploads\/2025\/09\/WhatsApp-Image-2025-09-25-at-09.53.49-1.jpeg 1000w, https:\/\/aus.arquitectes.cat\/wp-content\/uploads\/2025\/09\/WhatsApp-Image-2025-09-25-at-09.53.49-1-300x194.jpeg 300w\" sizes=\"(max-width: 1000px) 100vw, 1000px\" \/><\/div><\/div><\/div><\/div><div class=\"wpb_column vc_column_container\"><div class=\"vc_column-inner\"><div class=\"wpb_text_column us_custom_24906cc8 has_text_color\"><div class=\"wpb_wrapper\"><p><span style=\"font-weight: 400;\">FORMACI\u00d3N<\/span><\/p>\n<\/div><\/div><div class=\"wpb_text_column us_custom_1708e084\"><div class=\"wpb_wrapper\"><p data-start=\"0\" data-end=\"157\">Conscientes de la necesidad de transformar el sector, impulsamos la formaci\u00f3n continua de los arquitectos y otros agentes vinculados al entorno construido.<\/p>\n<p data-start=\"159\" data-end=\"355\" data-is-last-node=\"\" data-is-only-node=\"\">Proponemos cursos, talleres y sesiones t\u00e9cnicas que proporcionan las herramientas necesarias para incorporar criterios ambientales, sociales, econ\u00f3micos y de salud en todas las fases del proyecto.<\/p>\n<p><span style=\"font-weight: 400;\">Contribu\u00efm a una pr\u00e0ctica professional m\u00e9s conscient, actualitzada i alineada amb els reptes del nostre temps.<\/span><\/p>\n<\/div><\/div><\/div><\/div><\/div><\/div><\/section><section class=\"l-section wpb_row height_auto width_full\"><div class=\"l-section-h i-cf\"><div class=\"g-cols vc_row via_grid cols_1 laptops-cols_inherit tablets-cols_inherit mobiles-cols_1 valign_top type_default stacking_default\"><div class=\"wpb_column vc_column_container\"><div class=\"vc_column-inner\"><div class=\"w-separator size_medium with_line width_default thick_2 style_dotted color_border align_center\"><div class=\"w-separator-h\"><\/div><\/div><\/div><\/div><\/div><\/div><\/section><section class=\"l-section wpb_row height_auto width_custom\" style=\"--site-content-width:1130px;\"><div class=\"l-section-h i-cf\"><div class=\"g-cols vc_row via_grid cols_2 laptops-cols_inherit tablets-cols_inherit mobiles-cols_1 valign_top type_default stacking_default\"><div class=\"wpb_column vc_column_container\"><div class=\"vc_column-inner\"><div class=\"wpb_text_column us_custom_24906cc8 has_text_color\"><div class=\"wpb_wrapper\"><p data-section-id=\"amj0b9\" data-start=\"0\" data-end=\"35\"><span role=\"text\">ACTIVIDADES <\/span><\/p>\n<p data-section-id=\"amj0b9\" data-start=\"0\" data-end=\"35\"><span role=\"text\">PARA LOS Y LAS MIEMBROS<\/span><\/p>\n<\/div><\/div><div class=\"wpb_text_column us_custom_1708e084\"><div class=\"wpb_wrapper\"><p data-start=\"37\" data-end=\"240\">Desde AUS impulsamos espacios de participaci\u00f3n activa para nuestros miembros, con el objetivo de compartir conocimiento, generar debate y fortalecer la comunidad profesional en torno a la sostenibilidad.<\/p>\n<p data-start=\"242\" data-end=\"431\">Por un lado, promovemos <strong>debates tem\u00e1ticos<\/strong>, actividades propuestas y organizadas por los propios miembros, con el apoyo de la Junta de AUS y del COAC para facilitar su desarrollo y difusi\u00f3n.<\/p>\n<\/div><\/div><div class=\"w-btn-wrapper align_center\"><a class=\"w-btn us-btn-style_1 us_custom_edb423b1\" href=\"https:\/\/aus.arquitectes.cat\/es\/category\/agrupats-es\/debats-aus-es\/\"><span class=\"w-btn-label\">DEBATES AUS<\/span><\/a><\/div><div class=\"wpb_text_column us_custom_1708e084\"><div class=\"wpb_wrapper\"><p data-start=\"433\" data-end=\"573\">Tambi\u00e9n, organizamos <strong>visitas t\u00e9cnicas<\/strong> para conocer de primera mano proyectos, obras e iniciativas relevantes en el \u00e1mbito de la sostenibilidad.<\/p>\n<\/div><\/div><div class=\"w-btn-wrapper align_center\"><a class=\"w-btn us-btn-style_1 us_custom_edb423b1\" href=\"https:\/\/aus.arquitectes.cat\/es\/category\/agrupats-es\/visitas-aus\/\"><span class=\"w-btn-label\">VISITAS AUS<\/span><\/a><\/div><\/div><\/div><div class=\"wpb_column vc_column_container\"><div class=\"vc_column-inner\"><div class=\"w-image us_custom_3188818e align_none\"><div url class=\"w-image-h\"><img loading=\"lazy\" decoding=\"async\" width=\"1024\" height=\"657\" src=\"https:\/\/aus.arquitectes.cat\/wp-content\/uploads\/2026\/03\/PORTADA-DEBATS-1024x657.jpg\" class=\"attachment-large size-large\" alt=\"\" srcset=\"https:\/\/aus.arquitectes.cat\/wp-content\/uploads\/2026\/03\/PORTADA-DEBATS-1024x657.jpg 1024w, https:\/\/aus.arquitectes.cat\/wp-content\/uploads\/2026\/03\/PORTADA-DEBATS-300x192.jpg 300w, https:\/\/aus.arquitectes.cat\/wp-content\/uploads\/2026\/03\/PORTADA-DEBATS.jpg 1049w\" sizes=\"(max-width: 1024px) 100vw, 1024px\" \/><\/div><\/div><div class=\"w-image us_custom_3188818e align_none\"><div url class=\"w-image-h\"><img loading=\"lazy\" decoding=\"async\" width=\"1024\" height=\"657\" src=\"https:\/\/aus.arquitectes.cat\/wp-content\/uploads\/2026\/03\/PORTADA-ACTIVITATS-1024x657.jpg\" class=\"attachment-large size-large\" alt=\"\" srcset=\"https:\/\/aus.arquitectes.cat\/wp-content\/uploads\/2026\/03\/PORTADA-ACTIVITATS-1024x657.jpg 1024w, https:\/\/aus.arquitectes.cat\/wp-content\/uploads\/2026\/03\/PORTADA-ACTIVITATS-300x192.jpg 300w, https:\/\/aus.arquitectes.cat\/wp-content\/uploads\/2026\/03\/PORTADA-ACTIVITATS.jpg 1049w\" sizes=\"(max-width: 1024px) 100vw, 1024px\" \/><\/div><\/div><\/div><\/div><\/div><\/div><\/section><section class=\"l-section wpb_row height_auto width_full\"><div class=\"l-section-h i-cf\"><div class=\"g-cols vc_row via_grid cols_1 laptops-cols_inherit tablets-cols_inherit mobiles-cols_1 valign_top type_default stacking_default\"><div class=\"wpb_column vc_column_container\"><div class=\"vc_column-inner\"><div class=\"w-separator size_medium\"><\/div><\/div><\/div><\/div><\/div><\/section><section class=\"l-section wpb_row height_auto width_full\"><div class=\"l-section-h i-cf\"><div class=\"g-cols vc_row via_grid cols_1 laptops-cols_inherit tablets-cols_inherit mobiles-cols_1 valign_top type_default stacking_default\"><div class=\"wpb_column vc_column_container\"><div class=\"vc_column-inner\"><div class=\"w-image align_none\"><div url class=\"w-image-h\"><img loading=\"lazy\" decoding=\"async\" width=\"2381\" height=\"920\" src=\"https:\/\/aus.arquitectes.cat\/wp-content\/uploads\/2024\/03\/MGA4455.jpg\" class=\"attachment-full size-full\" alt=\"\" srcset=\"https:\/\/aus.arquitectes.cat\/wp-content\/uploads\/2024\/03\/MGA4455.jpg 2381w, https:\/\/aus.arquitectes.cat\/wp-content\/uploads\/2024\/03\/MGA4455-300x116.jpg 300w, https:\/\/aus.arquitectes.cat\/wp-content\/uploads\/2024\/03\/MGA4455-1024x396.jpg 1024w\" sizes=\"(max-width: 2381px) 100vw, 2381px\" \/><\/div><\/div><\/div><\/div><\/div><\/div><\/section>\n","protected":false},"excerpt":{"rendered":"P\u00e1ginas\u00bfQU\u00c9 HACEMOS? AUS ARQUITECTOS Promovemos una arquitectura m\u00e1s sostenible, saludable y equitativa desde una perspectiva cr\u00edtica y constructiva, destacando la relaci\u00f3n entre arquitectura, sostenibilidad y salud. Aspiramos a ser un referente t\u00e9cnico y social, fomentando espacios que mejoren la habitabilidad, reduzcan el impacto ambiental y potencien el bienestar de las personas. Nuestra acci\u00f3n se centra...","protected":false},"author":1,"featured_media":0,"parent":0,"menu_order":0,"comment_status":"closed","ping_status":"closed","template":"","meta":{"footnotes":""},"yoast_head":"<!-- This site is optimized with the Yoast SEO plugin v22.9 - https:\/\/yoast.com\/wordpress\/plugins\/seo\/ -->\n<title>\u00bfQu\u00e9 hacemos? Arquitectura Sostenible | AUS Arquitectes<\/title>\n<meta name=\"description\" content=\"AUS defensa h\u00e0bitats sostenibles per al benestar del planeta i els seus habitants. Descobreix qui som, la nostra missi\u00f3 i valors.\" \/>\n<meta name=\"robots\" content=\"index, follow, max-snippet:-1, max-image-preview:large, max-video-preview:-1\" \/>\n<link rel=\"canonical\" href=\"https:\/\/aus.arquitectes.cat\/es\/que-fem\/\" \/>\n<meta property=\"og:locale\" content=\"es_ES\" \/>\n<meta property=\"og:type\" content=\"article\" \/>\n<meta property=\"og:title\" content=\"\u00bfQu\u00e9 hacemos? Arquitectura Sostenible | AUS Arquitectes\" \/>\n<meta property=\"og:description\" content=\"AUS defensa h\u00e0bitats sostenibles per al benestar del planeta i els seus habitants. Descobreix qui som, la nostra missi\u00f3 i valors.\" \/>\n<meta property=\"og:url\" content=\"https:\/\/aus.arquitectes.cat\/es\/que-fem\/\" \/>\n<meta property=\"og:site_name\" content=\"AUS Arquitectes\" \/>\n<meta property=\"article:modified_time\" content=\"2026-03-24T11:02:38+00:00\" \/>\n<meta name=\"twitter:card\" content=\"summary_large_image\" \/>\n<meta name=\"twitter:label1\" content=\"Tiempo de lectura\" \/>\n\t<meta name=\"twitter:data1\" content=\"3 minutos\" \/>\n<script type=\"application\/ld+json\" class=\"yoast-schema-graph\">{\"@context\":\"https:\/\/schema.org\",\"@graph\":[{\"@type\":\"WebPage\",\"@id\":\"https:\/\/aus.arquitectes.cat\/es\/que-fem\/\",\"url\":\"https:\/\/aus.arquitectes.cat\/es\/que-fem\/\",\"name\":\"\u00bfQu\u00e9 hacemos? Arquitectura Sostenible | AUS Arquitectes\",\"isPartOf\":{\"@id\":\"https:\/\/aus.arquitectes.cat\/#website\"},\"datePublished\":\"2025-08-13T11:07:53+00:00\",\"dateModified\":\"2026-03-24T11:02:38+00:00\",\"description\":\"AUS defensa h\u00e0bitats sostenibles per al benestar del planeta i els seus habitants. Descobreix qui som, la nostra missi\u00f3 i valors.\",\"breadcrumb\":{\"@id\":\"https:\/\/aus.arquitectes.cat\/es\/que-fem\/#breadcrumb\"},\"inLanguage\":\"es\",\"potentialAction\":[{\"@type\":\"ReadAction\",\"target\":[\"https:\/\/aus.arquitectes.cat\/es\/que-fem\/\"]}]},{\"@type\":\"BreadcrumbList\",\"@id\":\"https:\/\/aus.arquitectes.cat\/es\/que-fem\/#breadcrumb\",\"itemListElement\":[{\"@type\":\"ListItem\",\"position\":1,\"name\":\"Portada\",\"item\":\"https:\/\/aus.arquitectes.cat\/es\/\"},{\"@type\":\"ListItem\",\"position\":2,\"name\":\"\u00bfQu\u00e9 hacemos?\"}]},{\"@type\":\"WebSite\",\"@id\":\"https:\/\/aus.arquitectes.cat\/#website\",\"url\":\"https:\/\/aus.arquitectes.cat\/\",\"name\":\"AUS Arquitectes\",\"description\":\"\",\"potentialAction\":[{\"@type\":\"SearchAction\",\"target\":{\"@type\":\"EntryPoint\",\"urlTemplate\":\"https:\/\/aus.arquitectes.cat\/?s={search_term_string}\"},\"query-input\":\"required name=search_term_string\"}],\"inLanguage\":\"es\"}]}<\/script>\n<!-- \/ Yoast SEO plugin. -->","yoast_head_json":{"title":"\u00bfQu\u00e9 hacemos? Arquitectura Sostenible | AUS Arquitectes","description":"AUS defensa h\u00e0bitats sostenibles per al benestar del planeta i els seus habitants. Descobreix qui som, la nostra missi\u00f3 i valors.","robots":{"index":"index","follow":"follow","max-snippet":"max-snippet:-1","max-image-preview":"max-image-preview:large","max-video-preview":"max-video-preview:-1"},"canonical":"https:\/\/aus.arquitectes.cat\/es\/que-fem\/","og_locale":"es_ES","og_type":"article","og_title":"\u00bfQu\u00e9 hacemos? Arquitectura Sostenible | AUS Arquitectes","og_description":"AUS defensa h\u00e0bitats sostenibles per al benestar del planeta i els seus habitants. Descobreix qui som, la nostra missi\u00f3 i valors.","og_url":"https:\/\/aus.arquitectes.cat\/es\/que-fem\/","og_site_name":"AUS Arquitectes","article_modified_time":"2026-03-24T11:02:38+00:00","twitter_card":"summary_large_image","twitter_misc":{"Tiempo de lectura":"3 minutos"},"schema":{"@context":"https:\/\/schema.org","@graph":[{"@type":"WebPage","@id":"https:\/\/aus.arquitectes.cat\/es\/que-fem\/","url":"https:\/\/aus.arquitectes.cat\/es\/que-fem\/","name":"\u00bfQu\u00e9 hacemos? Arquitectura Sostenible | AUS Arquitectes","isPartOf":{"@id":"https:\/\/aus.arquitectes.cat\/#website"},"datePublished":"2025-08-13T11:07:53+00:00","dateModified":"2026-03-24T11:02:38+00:00","description":"AUS defensa h\u00e0bitats sostenibles per al benestar del planeta i els seus habitants. Descobreix qui som, la nostra missi\u00f3 i valors.","breadcrumb":{"@id":"https:\/\/aus.arquitectes.cat\/es\/que-fem\/#breadcrumb"},"inLanguage":"es","potentialAction":[{"@type":"ReadAction","target":["https:\/\/aus.arquitectes.cat\/es\/que-fem\/"]}]},{"@type":"BreadcrumbList","@id":"https:\/\/aus.arquitectes.cat\/es\/que-fem\/#breadcrumb","itemListElement":[{"@type":"ListItem","position":1,"name":"Portada","item":"https:\/\/aus.arquitectes.cat\/es\/"},{"@type":"ListItem","position":2,"name":"\u00bfQu\u00e9 hacemos?"}]},{"@type":"WebSite","@id":"https:\/\/aus.arquitectes.cat\/#website","url":"https:\/\/aus.arquitectes.cat\/","name":"AUS Arquitectes","description":"","potentialAction":[{"@type":"SearchAction","target":{"@type":"EntryPoint","urlTemplate":"https:\/\/aus.arquitectes.cat\/?s={search_term_string}"},"query-input":"required name=search_term_string"}],"inLanguage":"es"}]}},"_links":{"self":[{"href":"https:\/\/aus.arquitectes.cat\/es\/wp-json\/wp\/v2\/pages\/14204"}],"collection":[{"href":"https:\/\/aus.arquitectes.cat\/es\/wp-json\/wp\/v2\/pages"}],"about":[{"href":"https:\/\/aus.arquitectes.cat\/es\/wp-json\/wp\/v2\/types\/page"}],"author":[{"embeddable":true,"href":"https:\/\/aus.arquitectes.cat\/es\/wp-json\/wp\/v2\/users\/1"}],"replies":[{"embeddable":true,"href":"https:\/\/aus.arquitectes.cat\/es\/wp-json\/wp\/v2\/comments?post=14204"}],"version-history":[{"count":5,"href":"https:\/\/aus.arquitectes.cat\/es\/wp-json\/wp\/v2\/pages\/14204\/revisions"}],"predecessor-version":[{"id":15081,"href":"https:\/\/aus.arquitectes.cat\/es\/wp-json\/wp\/v2\/pages\/14204\/revisions\/15081"}],"wp:attachment":[{"href":"https:\/\/aus.arquitectes.cat\/es\/wp-json\/wp\/v2\/media?parent=14204"}],"curies":[{"name":"wp","href":"https:\/\/api.w.org\/{rel}","templated":true}]}}